{"id":19847,"date":"2024-02-22T14:46:13","date_gmt":"2024-02-22T13:46:13","guid":{"rendered":"https:\/\/cc-sud.eu\/organos-de-trabajo\/"},"modified":"2024-06-28T16:24:39","modified_gmt":"2024-06-28T14:24:39","slug":"organos-de-trabajo","status":"publish","type":"page","link":"https:\/\/cc-sud.eu\/es\/organos-de-trabajo\/","title":{"rendered":"Grupos de trabajo"},"content":{"rendered":"\t\t<div data-elementor-type=\"wp-page\" data-elementor-id=\"19847\" class=\"elementor elementor-19847 elementor-142\" data-elementor-post-type=\"page\">\n\t\t\t\t<div class=\"elementor-element elementor-element-95cf32f enceinte e-flex e-con-boxed e-con e-parent\" data-id=\"95cf32f\" data-element_type=\"container\" data-e-type=\"container\">\n\t\t\t\t\t<div class=\"e-con-inner\">\n\t\t<div class=\"elementor-element elementor-element-86b9c0d e-con-full e-flex e-con e-child\" data-id=\"86b9c0d\" data-element_type=\"container\" data-e-type=\"container\">\n\t\t\t\t<div class=\"elementor-element elementor-element-946f6bf elementor-widget elementor-widget-image\" data-id=\"946f6bf\" data-element_type=\"widget\" data-e-type=\"widget\" data-widget_type=\"image.default\">\n\t\t\t\t<div class=\"elementor-widget-container\">\n\t\t\t\t\t\t\t\t\t\t\t\t\t\t\t<img fetchpriority=\"high\" decoding=\"async\" width=\"890\" height=\"605\" src=\"https:\/\/cc-sud.eu\/wp-content\/uploads\/2024\/04\/groupe-trad-ce709b0c.webp\" class=\"attachment-large size-large wp-image-263\" alt=\"\" srcset=\"https:\/\/cc-sud.eu\/wp-content\/uploads\/2024\/04\/groupe-trad-ce709b0c.webp 890w, https:\/\/cc-sud.eu\/wp-content\/uploads\/2024\/04\/groupe-trad-ce709b0c-300x204.webp 300w, https:\/\/cc-sud.eu\/wp-content\/uploads\/2024\/04\/groupe-trad-ce709b0c-768x522.webp 768w, https:\/\/cc-sud.eu\/wp-content\/uploads\/2024\/04\/groupe-trad-ce709b0c-588x400.webp 588w\" sizes=\"(max-width: 890px) 100vw, 890px\" \/>\t\t\t\t\t\t\t\t\t\t\t\t\t\t\t<\/div>\n\t\t\t\t<\/div>\n\t\t\t\t<div class=\"elementor-element elementor-element-cb5afe1 elementor-widget elementor-widget-heading\" data-id=\"cb5afe1\" data-element_type=\"widget\" data-e-type=\"widget\" data-widget_type=\"heading.default\">\n\t\t\t\t<div class=\"elementor-widget-container\">\n\t\t\t\t\t<h2 class=\"elementor-heading-title elementor-size-default\">Pesca tradicional (TRAD)<\/h2>\t\t\t\t<\/div>\n\t\t\t\t<\/div>\n\t\t\t\t<div class=\"elementor-element elementor-element-cec160e elementor-widget elementor-widget-text-editor\" data-id=\"cec160e\" data-element_type=\"widget\" data-e-type=\"widget\" data-widget_type=\"text-editor.default\">\n\t\t\t\t<div class=\"elementor-widget-container\">\n\t\t\t\t\t\t\t\t\t<p>Nicolas Fernandez Mu\u00f1oz (OPP72- Conil) es el Presidente de este Grupo, vice-Presidente : Francisco P. Rosa (VIANAPESCA &#8211; Portugal) Las tem\u00e1ticas especificas a la pesca artesanal o la pesca a peque\u00f1a escala constituyen la esencia de su actividad<\/p><p style=\"text-align: center;\"><a href=\"https:\/\/cc-sud.eu\/es\/annuaire\/?pays=&amp;group_10=1\">Ver a los miembros<\/a><\/p>\t\t\t\t\t\t\t\t<\/div>\n\t\t\t\t<\/div>\n\t\t\t\t<\/div>\n\t\t<div class=\"elementor-element elementor-element-39f1e3c e-con-full e-flex e-con e-child\" data-id=\"39f1e3c\" data-element_type=\"container\" data-e-type=\"container\">\n\t\t\t\t<div class=\"elementor-element elementor-element-44e5f7c elementor-widget elementor-widget-image\" data-id=\"44e5f7c\" data-element_type=\"widget\" data-e-type=\"widget\" data-widget_type=\"image.default\">\n\t\t\t\t<div class=\"elementor-widget-container\">\n\t\t\t\t\t\t\t\t\t\t\t\t\t\t\t<img decoding=\"async\" width=\"890\" height=\"605\" src=\"https:\/\/cc-sud.eu\/wp-content\/uploads\/2024\/04\/groupe-pela-d0b8b5ed.webp\" class=\"attachment-large size-large wp-image-259\" alt=\"\" srcset=\"https:\/\/cc-sud.eu\/wp-content\/uploads\/2024\/04\/groupe-pela-d0b8b5ed.webp 890w, https:\/\/cc-sud.eu\/wp-content\/uploads\/2024\/04\/groupe-pela-d0b8b5ed-300x204.webp 300w, https:\/\/cc-sud.eu\/wp-content\/uploads\/2024\/04\/groupe-pela-d0b8b5ed-768x522.webp 768w, https:\/\/cc-sud.eu\/wp-content\/uploads\/2024\/04\/groupe-pela-d0b8b5ed-588x400.webp 588w\" sizes=\"(max-width: 890px) 100vw, 890px\" \/>\t\t\t\t\t\t\t\t\t\t\t\t\t\t\t<\/div>\n\t\t\t\t<\/div>\n\t\t\t\t<div class=\"elementor-element elementor-element-f172a31 elementor-widget elementor-widget-heading\" data-id=\"f172a31\" data-element_type=\"widget\" data-e-type=\"widget\" data-widget_type=\"heading.default\">\n\t\t\t\t<div class=\"elementor-widget-container\">\n\t\t\t\t\t<h2 class=\"elementor-heading-title elementor-size-default\">Especies pel\u00e1gicas &amp; ICCAT (PELA)<\/h2>\t\t\t\t<\/div>\n\t\t\t\t<\/div>\n\t\t\t\t<div class=\"elementor-element elementor-element-d8ee0ed elementor-widget elementor-widget-text-editor\" data-id=\"d8ee0ed\" data-element_type=\"widget\" data-e-type=\"widget\" data-widget_type=\"text-editor.default\">\n\t\t\t\t<div class=\"elementor-widget-container\">\n\t\t\t\t\t\t\t\t\t<p>Maria Jose Rico (FECOPPAS) es la Presidenta de este Grupo, vice-Presidente : Serge Larzabal (CNPMEM- Francia). Este Grupo es competente para todos los stocks que evoluan en al columna de agua (atun, anchoa, sardina&#8230; )<\/p><p style=\"text-align: center;\"><a href=\"https:\/\/cc-sud.eu\/es\/annuaire\/?pays=&amp;group_11=1\">Ver a los miembros<\/a><\/p>\t\t\t\t\t\t\t\t<\/div>\n\t\t\t\t<\/div>\n\t\t\t\t<\/div>\n\t\t\t\t\t<\/div>\n\t\t\t\t<\/div>\n\t\t<div class=\"elementor-element elementor-element-c4c675d enceinte no-top e-flex e-con-boxed e-con e-parent\" data-id=\"c4c675d\" data-element_type=\"container\" data-e-type=\"container\">\n\t\t\t\t\t<div class=\"e-con-inner\">\n\t\t<div class=\"elementor-element elementor-element-d2f7415 e-con-full e-flex e-con e-child\" data-id=\"d2f7415\" data-element_type=\"container\" data-e-type=\"container\">\n\t\t\t\t<div class=\"elementor-element elementor-element-b27e754 elementor-widget elementor-widget-image\" data-id=\"b27e754\" data-element_type=\"widget\" data-e-type=\"widget\" data-widget_type=\"image.default\">\n\t\t\t\t<div class=\"elementor-widget-container\">\n\t\t\t\t\t\t\t\t\t\t\t\t\t\t\t<img decoding=\"async\" width=\"890\" height=\"605\" src=\"https:\/\/cc-sud.eu\/wp-content\/uploads\/2024\/04\/groupe-VIII-86ac4fe1.webp\" class=\"attachment-large size-large wp-image-267\" alt=\"\" srcset=\"https:\/\/cc-sud.eu\/wp-content\/uploads\/2024\/04\/groupe-VIII-86ac4fe1.webp 890w, https:\/\/cc-sud.eu\/wp-content\/uploads\/2024\/04\/groupe-VIII-86ac4fe1-300x204.webp 300w, https:\/\/cc-sud.eu\/wp-content\/uploads\/2024\/04\/groupe-VIII-86ac4fe1-768x522.webp 768w, https:\/\/cc-sud.eu\/wp-content\/uploads\/2024\/04\/groupe-VIII-86ac4fe1-588x400.webp 588w\" sizes=\"(max-width: 890px) 100vw, 890px\" \/>\t\t\t\t\t\t\t\t\t\t\t\t\t\t\t<\/div>\n\t\t\t\t<\/div>\n\t\t\t\t<div class=\"elementor-element elementor-element-ca2b895 elementor-widget elementor-widget-heading\" data-id=\"ca2b895\" data-element_type=\"widget\" data-e-type=\"widget\" data-widget_type=\"heading.default\">\n\t\t\t\t<div class=\"elementor-widget-container\">\n\t\t\t\t\t<h2 class=\"elementor-heading-title elementor-size-default\">Especies demersales y bent\u00f3nicas VIII &amp; IX<\/h2>\t\t\t\t<\/div>\n\t\t\t\t<\/div>\n\t\t\t\t<div class=\"elementor-element elementor-element-bf89b78 elementor-widget elementor-widget-text-editor\" data-id=\"bf89b78\" data-element_type=\"widget\" data-e-type=\"widget\" data-widget_type=\"text-editor.default\">\n\t\t\t\t<div class=\"elementor-widget-container\">\n\t\t\t\t\t\t\t\t\t<p>Serge Larzabal (CNPMEM) es el Presidente de este Grupo, vice-Presidente : Francisco Teijeira (Asso Armad. Marin &#8211; Espa\u00f1a). Este Grupo trata de la fijaci\u00f3n de las posibilidades de pesca para stocks importantes (lenguado, merluza, rapes) y tambi\u00e9n de como explotarlos (Medidas t\u00e9cnicas\u2026)\u2026<\/p><p style=\"text-align: center;\"><a href=\"https:\/\/cc-sud.eu\/es\/annuaire\/?pays=&amp;group_13=1\">Ver a los miembros<\/a><\/p>\t\t\t\t\t\t\t\t<\/div>\n\t\t\t\t<\/div>\n\t\t\t\t<\/div>\n\t\t<div class=\"elementor-element elementor-element-cebe417 e-con-full e-flex e-con e-child\" data-id=\"cebe417\" data-element_type=\"container\" data-e-type=\"container\" data-settings=\"{&quot;background_background&quot;:&quot;classic&quot;}\">\n\t\t\t\t<div class=\"elementor-element elementor-element-1bbde0d elementor-widget elementor-widget-image\" data-id=\"1bbde0d\" data-element_type=\"widget\" data-e-type=\"widget\" data-widget_type=\"image.default\">\n\t\t\t\t<div class=\"elementor-widget-container\">\n\t\t\t\t\t\t\t\t\t\t\t\t\t\t\t<img loading=\"lazy\" decoding=\"async\" width=\"890\" height=\"605\" src=\"https:\/\/cc-sud.eu\/wp-content\/uploads\/2024\/04\/groupe-comex-29beb69f.webp\" class=\"attachment-large size-large wp-image-255\" alt=\"\" srcset=\"https:\/\/cc-sud.eu\/wp-content\/uploads\/2024\/04\/groupe-comex-29beb69f.webp 890w, https:\/\/cc-sud.eu\/wp-content\/uploads\/2024\/04\/groupe-comex-29beb69f-300x204.webp 300w, https:\/\/cc-sud.eu\/wp-content\/uploads\/2024\/04\/groupe-comex-29beb69f-768x522.webp 768w, https:\/\/cc-sud.eu\/wp-content\/uploads\/2024\/04\/groupe-comex-29beb69f-588x400.webp 588w\" sizes=\"(max-width: 890px) 100vw, 890px\" \/>\t\t\t\t\t\t\t\t\t\t\t\t\t\t\t<\/div>\n\t\t\t\t<\/div>\n\t\t\t\t<div class=\"elementor-element elementor-element-25fad5e elementor-widget elementor-widget-heading\" data-id=\"25fad5e\" data-element_type=\"widget\" data-e-type=\"widget\" data-widget_type=\"heading.default\">\n\t\t\t\t<div class=\"elementor-widget-container\">\n\t\t\t\t\t<h2 class=\"elementor-heading-title elementor-size-default\">Comit\u00e9 ejecutivo (COMEX)<\/h2>\t\t\t\t<\/div>\n\t\t\t\t<\/div>\n\t\t\t\t<div class=\"elementor-element elementor-element-8e61c76 elementor-widget elementor-widget-text-editor\" data-id=\"8e61c76\" data-element_type=\"widget\" data-e-type=\"widget\" data-widget_type=\"text-editor.default\">\n\t\t\t\t<div class=\"elementor-widget-container\">\n\t\t\t\t\t\t\t\t\t<p>Sergio Lopez (OPP BURELA), 1er vice-Presidente : Humberto JORGE (ANOPCERCO) . Conforme a los estatutos, \u00e9ste es el \u00f3rgano de representaci\u00f3n que gestiona y representa los intereses del CC SUR.<\/p><p style=\"text-align: center;\"><a href=\"https:\/\/cc-sud.eu\/es\/annuaire\/?pays=&amp;group_12=1\">Ver a los miembros<\/a><\/p>\t\t\t\t\t\t\t\t<\/div>\n\t\t\t\t<\/div>\n\t\t\t\t<\/div>\n\t\t\t\t\t<\/div>\n\t\t\t\t<\/div>\n\t\t<div class=\"elementor-element elementor-element-0c3463f enceinte e-flex e-con-boxed e-con e-parent\" data-id=\"0c3463f\" data-element_type=\"container\" data-e-type=\"container\">\n\t\t\t\t\t<div class=\"e-con-inner\">\n\t\t\t\t<div class=\"elementor-element elementor-element-d9975ff elementor-align-center elementor-widget elementor-widget-button\" data-id=\"d9975ff\" data-element_type=\"widget\" data-e-type=\"widget\" data-widget_type=\"button.default\">\n\t\t\t\t<div class=\"elementor-widget-container\">\n\t\t\t\t\t\t\t\t\t<div class=\"elementor-button-wrapper\">\n\t\t\t\t\t<a class=\"elementor-button elementor-button-link elementor-size-sm\" href=\"https:\/\/cc-sud.eu\/es\/annuaire\/?pays=&#038;group_1=1\" target=\"_blank\">\n\t\t\t\t\t\t<span class=\"elementor-button-content-wrapper\">\n\t\t\t\t\t\t\t\t\t<span class=\"elementor-button-text\">Ver la asamblea general<\/span>\n\t\t\t\t\t<\/span>\n\t\t\t\t\t<\/a>\n\t\t\t\t<\/div>\n\t\t\t\t\t\t\t\t<\/div>\n\t\t\t\t<\/div>\n\t\t\t\t\t<\/div>\n\t\t\t\t<\/div>\n\t\t\t\t<\/div>\n\t\t","protected":false},"excerpt":{"rendered":"<p>Pesca tradicional (TRAD) Nicolas Fernandez Mu\u00f1oz (OPP72- Conil) es el&hellip;<\/p>\n","protected":false},"author":1,"featured_media":0,"parent":0,"menu_order":0,"comment_status":"closed","ping_status":"closed","template":"","meta":{"_acf_changed":false,"footnotes":""},"class_list":["post-19847","page","type-page","status-publish","hentry"],"acf":[],"yoast_head":"<!-- This site is optimized with the Yoast SEO plugin v27.1 - https:\/\/yoast.com\/product\/yoast-seo-wordpress\/ -->\n<title>Grupos de trabajo - CC Sud<\/title>\n<meta name=\"robots\" content=\"index, follow, max-snippet:-1, max-image-preview:large, max-video-preview:-1\" \/>\n<link rel=\"canonical\" href=\"https:\/\/cc-sud.eu\/es\/organos-de-trabajo\/\" \/>\n<meta property=\"og:locale\" content=\"es_ES\" \/>\n<meta property=\"og:type\" content=\"article\" \/>\n<meta property=\"og:title\" content=\"Grupos de trabajo - CC Sud\" \/>\n<meta property=\"og:description\" content=\"Pesca tradicional (TRAD) Nicolas Fernandez Mu\u00f1oz (OPP72- Conil) es el&hellip;\" \/>\n<meta property=\"og:url\" content=\"https:\/\/cc-sud.eu\/es\/organos-de-trabajo\/\" \/>\n<meta property=\"og:site_name\" content=\"CC Sud\" \/>\n<meta property=\"article:modified_time\" content=\"2024-06-28T14:24:39+00:00\" \/>\n<meta property=\"og:image\" content=\"https:\/\/cc-sud.eu\/wp-content\/uploads\/2024\/04\/groupe-trad-ce709b0c.webp\" \/>\n<meta name=\"twitter:card\" content=\"summary_large_image\" \/>\n<meta name=\"twitter:label1\" content=\"Tiempo de lectura\" \/>\n\t<meta name=\"twitter:data1\" content=\"2 minutos\" \/>\n<script type=\"application\/ld+json\" class=\"yoast-schema-graph\">{\"@context\":\"https:\/\/schema.org\",\"@graph\":[{\"@type\":\"WebPage\",\"@id\":\"https:\/\/cc-sud.eu\/es\/organos-de-trabajo\/\",\"url\":\"https:\/\/cc-sud.eu\/es\/organos-de-trabajo\/\",\"name\":\"Grupos de trabajo - CC Sud\",\"isPartOf\":{\"@id\":\"https:\/\/cc-sud.eu\/es\/#website\"},\"primaryImageOfPage\":{\"@id\":\"https:\/\/cc-sud.eu\/es\/organos-de-trabajo\/#primaryimage\"},\"image\":{\"@id\":\"https:\/\/cc-sud.eu\/es\/organos-de-trabajo\/#primaryimage\"},\"thumbnailUrl\":\"https:\/\/cc-sud.eu\/wp-content\/uploads\/2024\/04\/groupe-trad-ce709b0c.webp\",\"datePublished\":\"2024-02-22T13:46:13+00:00\",\"dateModified\":\"2024-06-28T14:24:39+00:00\",\"breadcrumb\":{\"@id\":\"https:\/\/cc-sud.eu\/es\/organos-de-trabajo\/#breadcrumb\"},\"inLanguage\":\"es\",\"potentialAction\":[{\"@type\":\"ReadAction\",\"target\":[\"https:\/\/cc-sud.eu\/es\/organos-de-trabajo\/\"]}]},{\"@type\":\"ImageObject\",\"inLanguage\":\"es\",\"@id\":\"https:\/\/cc-sud.eu\/es\/organos-de-trabajo\/#primaryimage\",\"url\":\"https:\/\/cc-sud.eu\/wp-content\/uploads\/2024\/04\/groupe-trad-ce709b0c.webp\",\"contentUrl\":\"https:\/\/cc-sud.eu\/wp-content\/uploads\/2024\/04\/groupe-trad-ce709b0c.webp\"},{\"@type\":\"BreadcrumbList\",\"@id\":\"https:\/\/cc-sud.eu\/es\/organos-de-trabajo\/#breadcrumb\",\"itemListElement\":[{\"@type\":\"ListItem\",\"position\":1,\"name\":\"CC Sud\",\"item\":\"https:\/\/cc-sud.eu\/es\/\"},{\"@type\":\"ListItem\",\"position\":2,\"name\":\"Grupos de trabajo\"}]},{\"@type\":\"WebSite\",\"@id\":\"https:\/\/cc-sud.eu\/es\/#website\",\"url\":\"https:\/\/cc-sud.eu\/es\/\",\"name\":\"CC Sud\",\"description\":\"\",\"publisher\":{\"@id\":\"https:\/\/cc-sud.eu\/es\/#organization\"},\"potentialAction\":[{\"@type\":\"SearchAction\",\"target\":{\"@type\":\"EntryPoint\",\"urlTemplate\":\"https:\/\/cc-sud.eu\/es\/?s={search_term_string}\"},\"query-input\":{\"@type\":\"PropertyValueSpecification\",\"valueRequired\":true,\"valueName\":\"search_term_string\"}}],\"inLanguage\":\"es\"},{\"@type\":\"Organization\",\"@id\":\"https:\/\/cc-sud.eu\/es\/#organization\",\"name\":\"CC Sud\",\"url\":\"https:\/\/cc-sud.eu\/es\/\",\"logo\":{\"@type\":\"ImageObject\",\"inLanguage\":\"es\",\"@id\":\"https:\/\/cc-sud.eu\/es\/#\/schema\/logo\/image\/\",\"url\":\"https:\/\/cc-sud.eu\/wp-content\/uploads\/2024\/02\/logo.svg\",\"contentUrl\":\"https:\/\/cc-sud.eu\/wp-content\/uploads\/2024\/02\/logo.svg\",\"width\":198,\"height\":60,\"caption\":\"CC Sud\"},\"image\":{\"@id\":\"https:\/\/cc-sud.eu\/es\/#\/schema\/logo\/image\/\"}}]}<\/script>\n<!-- \/ Yoast SEO plugin. -->","yoast_head_json":{"title":"Grupos de trabajo - CC Sud","robots":{"index":"index","follow":"follow","max-snippet":"max-snippet:-1","max-image-preview":"max-image-preview:large","max-video-preview":"max-video-preview:-1"},"canonical":"https:\/\/cc-sud.eu\/es\/organos-de-trabajo\/","og_locale":"es_ES","og_type":"article","og_title":"Grupos de trabajo - CC Sud","og_description":"Pesca tradicional (TRAD) Nicolas Fernandez Mu\u00f1oz (OPP72- Conil) es el&hellip;","og_url":"https:\/\/cc-sud.eu\/es\/organos-de-trabajo\/","og_site_name":"CC Sud","article_modified_time":"2024-06-28T14:24:39+00:00","og_image":[{"url":"https:\/\/cc-sud.eu\/wp-content\/uploads\/2024\/04\/groupe-trad-ce709b0c.webp","type":"","width":"","height":""}],"twitter_card":"summary_large_image","twitter_misc":{"Tiempo de lectura":"2 minutos"},"schema":{"@context":"https:\/\/schema.org","@graph":[{"@type":"WebPage","@id":"https:\/\/cc-sud.eu\/es\/organos-de-trabajo\/","url":"https:\/\/cc-sud.eu\/es\/organos-de-trabajo\/","name":"Grupos de trabajo - CC Sud","isPartOf":{"@id":"https:\/\/cc-sud.eu\/es\/#website"},"primaryImageOfPage":{"@id":"https:\/\/cc-sud.eu\/es\/organos-de-trabajo\/#primaryimage"},"image":{"@id":"https:\/\/cc-sud.eu\/es\/organos-de-trabajo\/#primaryimage"},"thumbnailUrl":"https:\/\/cc-sud.eu\/wp-content\/uploads\/2024\/04\/groupe-trad-ce709b0c.webp","datePublished":"2024-02-22T13:46:13+00:00","dateModified":"2024-06-28T14:24:39+00:00","breadcrumb":{"@id":"https:\/\/cc-sud.eu\/es\/organos-de-trabajo\/#breadcrumb"},"inLanguage":"es","potentialAction":[{"@type":"ReadAction","target":["https:\/\/cc-sud.eu\/es\/organos-de-trabajo\/"]}]},{"@type":"ImageObject","inLanguage":"es","@id":"https:\/\/cc-sud.eu\/es\/organos-de-trabajo\/#primaryimage","url":"https:\/\/cc-sud.eu\/wp-content\/uploads\/2024\/04\/groupe-trad-ce709b0c.webp","contentUrl":"https:\/\/cc-sud.eu\/wp-content\/uploads\/2024\/04\/groupe-trad-ce709b0c.webp"},{"@type":"BreadcrumbList","@id":"https:\/\/cc-sud.eu\/es\/organos-de-trabajo\/#breadcrumb","itemListElement":[{"@type":"ListItem","position":1,"name":"CC Sud","item":"https:\/\/cc-sud.eu\/es\/"},{"@type":"ListItem","position":2,"name":"Grupos de trabajo"}]},{"@type":"WebSite","@id":"https:\/\/cc-sud.eu\/es\/#website","url":"https:\/\/cc-sud.eu\/es\/","name":"CC Sud","description":"","publisher":{"@id":"https:\/\/cc-sud.eu\/es\/#organization"},"potentialAction":[{"@type":"SearchAction","target":{"@type":"EntryPoint","urlTemplate":"https:\/\/cc-sud.eu\/es\/?s={search_term_string}"},"query-input":{"@type":"PropertyValueSpecification","valueRequired":true,"valueName":"search_term_string"}}],"inLanguage":"es"},{"@type":"Organization","@id":"https:\/\/cc-sud.eu\/es\/#organization","name":"CC Sud","url":"https:\/\/cc-sud.eu\/es\/","logo":{"@type":"ImageObject","inLanguage":"es","@id":"https:\/\/cc-sud.eu\/es\/#\/schema\/logo\/image\/","url":"https:\/\/cc-sud.eu\/wp-content\/uploads\/2024\/02\/logo.svg","contentUrl":"https:\/\/cc-sud.eu\/wp-content\/uploads\/2024\/02\/logo.svg","width":198,"height":60,"caption":"CC Sud"},"image":{"@id":"https:\/\/cc-sud.eu\/es\/#\/schema\/logo\/image\/"}}]}},"_links":{"self":[{"href":"https:\/\/cc-sud.eu\/es\/wp-json\/wp\/v2\/pages\/19847","targetHints":{"allow":["GET"]}}],"collection":[{"href":"https:\/\/cc-sud.eu\/es\/wp-json\/wp\/v2\/pages"}],"about":[{"href":"https:\/\/cc-sud.eu\/es\/wp-json\/wp\/v2\/types\/page"}],"author":[{"embeddable":true,"href":"https:\/\/cc-sud.eu\/es\/wp-json\/wp\/v2\/users\/1"}],"replies":[{"embeddable":true,"href":"https:\/\/cc-sud.eu\/es\/wp-json\/wp\/v2\/comments?post=19847"}],"version-history":[{"count":13,"href":"https:\/\/cc-sud.eu\/es\/wp-json\/wp\/v2\/pages\/19847\/revisions"}],"predecessor-version":[{"id":20737,"href":"https:\/\/cc-sud.eu\/es\/wp-json\/wp\/v2\/pages\/19847\/revisions\/20737"}],"wp:attachment":[{"href":"https:\/\/cc-sud.eu\/es\/wp-json\/wp\/v2\/media?parent=19847"}],"curies":[{"name":"wp","href":"https:\/\/api.w.org\/{rel}","templated":true}]}}