{"id":20069,"date":"2024-02-22T14:47:14","date_gmt":"2024-02-22T13:47:14","guid":{"rendered":"https:\/\/cc-sud.eu\/organos-de-trabajo\/hacerse-miembro\/"},"modified":"2025-02-12T10:20:15","modified_gmt":"2025-02-12T09:20:15","slug":"hacerse-miembro","status":"publish","type":"page","link":"https:\/\/cc-sud.eu\/es\/organos-de-trabajo\/hacerse-miembro\/","title":{"rendered":"Hacerse miembro"},"content":{"rendered":"\t\t<div data-elementor-type=\"wp-page\" data-elementor-id=\"20069\" class=\"elementor elementor-20069 elementor-145\" data-elementor-post-type=\"page\">\n\t\t\t\t<div class=\"elementor-element elementor-element-d3f9cc7 e-flex e-con-boxed e-con e-parent\" data-id=\"d3f9cc7\" data-element_type=\"container\" data-e-type=\"container\">\n\t\t\t\t\t<div class=\"e-con-inner\">\n\t\t\t\t<div class=\"elementor-element elementor-element-c83187f elementor-widget elementor-widget-text-editor\" data-id=\"c83187f\" data-element_type=\"widget\" data-e-type=\"widget\" data-widget_type=\"text-editor.default\">\n\t\t\t\t<div class=\"elementor-widget-container\">\n\t\t\t\t\t\t\t\t\t<h2 style=\"text-align: center;\">Descargar el formulario oficial de adhesion al CC SUR<\/h2>\n<p>El CC SUR debe de organizar la concertaci\u00f3n y el consenso entre todos sus miembros sobre el conjunto de una muy amplia zona de pesca. Paralelamente, se le consulta y tiene que asumir su papel de interlocutor, en esta nueva etapa del proceso de toma de decisi\u00f3n de la Pol\u00edtica Pesquera Com\u00fan, y en la nueva gobernanza del sector.<\/p>\n\t\t\t\t\t\t\t\t<\/div>\n\t\t\t\t<\/div>\n\t\t\t\t<div class=\"elementor-element elementor-element-a2e107a elementor-align-center elementor-widget elementor-widget-button\" data-id=\"a2e107a\" data-element_type=\"widget\" data-e-type=\"widget\" data-widget_type=\"button.default\">\n\t\t\t\t<div class=\"elementor-widget-container\">\n\t\t\t\t\t\t\t\t\t<div class=\"elementor-button-wrapper\">\n\t\t\t\t\t<a class=\"elementor-button elementor-button-link elementor-size-sm\" href=\"https:\/\/cc-sud.eu\/wp-content\/uploads\/import\/documents\/adhesion\/2015-formulaire-adhesion-ccs.pdf\">\n\t\t\t\t\t\t<span class=\"elementor-button-content-wrapper\">\n\t\t\t\t\t\t\t\t\t<span class=\"elementor-button-text\">Formulario de adhesion<\/span>\n\t\t\t\t\t<\/span>\n\t\t\t\t\t<\/a>\n\t\t\t\t<\/div>\n\t\t\t\t\t\t\t\t<\/div>\n\t\t\t\t<\/div>\n\t\t\t\t<div class=\"elementor-element elementor-element-3290f3b elementor-widget elementor-widget-image\" data-id=\"3290f3b\" data-element_type=\"widget\" data-e-type=\"widget\" data-widget_type=\"image.default\">\n\t\t\t\t<div class=\"elementor-widget-container\">\n\t\t\t\t\t\t\t\t\t\t\t\t\t\t\t<img fetchpriority=\"high\" decoding=\"async\" width=\"900\" height=\"690\" src=\"https:\/\/cc-sud.eu\/wp-content\/uploads\/2024\/05\/cover1-5decf091.jpg\" class=\"attachment-large size-large wp-image-19812\" alt=\"\" srcset=\"https:\/\/cc-sud.eu\/wp-content\/uploads\/2024\/05\/cover1-5decf091.jpg 900w, https:\/\/cc-sud.eu\/wp-content\/uploads\/2024\/05\/cover1-5decf091-300x230.jpg 300w, https:\/\/cc-sud.eu\/wp-content\/uploads\/2024\/05\/cover1-5decf091-768x589.jpg 768w, https:\/\/cc-sud.eu\/wp-content\/uploads\/2024\/05\/cover1-5decf091-522x400.jpg 522w\" sizes=\"(max-width: 900px) 100vw, 900px\" \/>\t\t\t\t\t\t\t\t\t\t\t\t\t\t\t<\/div>\n\t\t\t\t<\/div>\n\t\t\t\t\t<\/div>\n\t\t\t\t<\/div>\n\t\t\t\t<\/div>\n\t\t","protected":false},"excerpt":{"rendered":"<p>Descargar el formulario oficial de adhesion al CC SUR El&hellip;<\/p>\n","protected":false},"author":1,"featured_media":0,"parent":19847,"menu_order":0,"comment_status":"closed","ping_status":"closed","template":"","meta":{"_acf_changed":false,"footnotes":""},"class_list":["post-20069","page","type-page","status-publish","hentry"],"acf":[],"yoast_head":"<!-- This site is optimized with the Yoast SEO plugin v27.3 - https:\/\/yoast.com\/product\/yoast-seo-wordpress\/ -->\n<title>Hacerse miembro - CC Sud<\/title>\n<meta name=\"robots\" content=\"index, follow, max-snippet:-1, max-image-preview:large, max-video-preview:-1\" \/>\n<link rel=\"canonical\" href=\"https:\/\/cc-sud.eu\/es\/organos-de-trabajo\/hacerse-miembro\/\" \/>\n<meta property=\"og:locale\" content=\"es_ES\" \/>\n<meta property=\"og:type\" content=\"article\" \/>\n<meta property=\"og:title\" content=\"Hacerse miembro - CC Sud\" \/>\n<meta property=\"og:description\" content=\"Descargar el formulario oficial de adhesion al CC SUR El&hellip;\" \/>\n<meta property=\"og:url\" content=\"https:\/\/cc-sud.eu\/es\/organos-de-trabajo\/hacerse-miembro\/\" \/>\n<meta property=\"og:site_name\" content=\"CC Sud\" \/>\n<meta property=\"article:modified_time\" content=\"2025-02-12T09:20:15+00:00\" \/>\n<meta property=\"og:image\" content=\"https:\/\/cc-sud.eu\/wp-content\/uploads\/2024\/05\/cover1-5decf091.jpg\" \/>\n\t<meta property=\"og:image:width\" content=\"900\" \/>\n\t<meta property=\"og:image:height\" content=\"690\" \/>\n\t<meta property=\"og:image:type\" content=\"image\/jpeg\" \/>\n<meta name=\"twitter:card\" content=\"summary_large_image\" \/>\n<meta name=\"twitter:label1\" content=\"Tiempo de lectura\" \/>\n\t<meta name=\"twitter:data1\" content=\"1 minuto\" \/>\n<script type=\"application\/ld+json\" class=\"yoast-schema-graph\">{\"@context\":\"https:\\\/\\\/schema.org\",\"@graph\":[{\"@type\":\"WebPage\",\"@id\":\"https:\\\/\\\/cc-sud.eu\\\/es\\\/organos-de-trabajo\\\/hacerse-miembro\\\/\",\"url\":\"https:\\\/\\\/cc-sud.eu\\\/es\\\/organos-de-trabajo\\\/hacerse-miembro\\\/\",\"name\":\"Hacerse miembro - CC Sud\",\"isPartOf\":{\"@id\":\"https:\\\/\\\/cc-sud.eu\\\/es\\\/#website\"},\"primaryImageOfPage\":{\"@id\":\"https:\\\/\\\/cc-sud.eu\\\/es\\\/organos-de-trabajo\\\/hacerse-miembro\\\/#primaryimage\"},\"image\":{\"@id\":\"https:\\\/\\\/cc-sud.eu\\\/es\\\/organos-de-trabajo\\\/hacerse-miembro\\\/#primaryimage\"},\"thumbnailUrl\":\"https:\\\/\\\/cc-sud.eu\\\/wp-content\\\/uploads\\\/2024\\\/05\\\/cover1-5decf091.jpg\",\"datePublished\":\"2024-02-22T13:47:14+00:00\",\"dateModified\":\"2025-02-12T09:20:15+00:00\",\"breadcrumb\":{\"@id\":\"https:\\\/\\\/cc-sud.eu\\\/es\\\/organos-de-trabajo\\\/hacerse-miembro\\\/#breadcrumb\"},\"inLanguage\":\"es\",\"potentialAction\":[{\"@type\":\"ReadAction\",\"target\":[\"https:\\\/\\\/cc-sud.eu\\\/es\\\/organos-de-trabajo\\\/hacerse-miembro\\\/\"]}]},{\"@type\":\"ImageObject\",\"inLanguage\":\"es\",\"@id\":\"https:\\\/\\\/cc-sud.eu\\\/es\\\/organos-de-trabajo\\\/hacerse-miembro\\\/#primaryimage\",\"url\":\"https:\\\/\\\/cc-sud.eu\\\/wp-content\\\/uploads\\\/2024\\\/05\\\/cover1-5decf091.jpg\",\"contentUrl\":\"https:\\\/\\\/cc-sud.eu\\\/wp-content\\\/uploads\\\/2024\\\/05\\\/cover1-5decf091.jpg\"},{\"@type\":\"BreadcrumbList\",\"@id\":\"https:\\\/\\\/cc-sud.eu\\\/es\\\/organos-de-trabajo\\\/hacerse-miembro\\\/#breadcrumb\",\"itemListElement\":[{\"@type\":\"ListItem\",\"position\":1,\"name\":\"CC Sud\",\"item\":\"https:\\\/\\\/cc-sud.eu\\\/es\\\/\"},{\"@type\":\"ListItem\",\"position\":2,\"name\":\"Grupos de trabajo\",\"item\":\"https:\\\/\\\/cc-sud.eu\\\/es\\\/organos-de-trabajo\\\/\"},{\"@type\":\"ListItem\",\"position\":3,\"name\":\"Hacerse miembro\"}]},{\"@type\":\"WebSite\",\"@id\":\"https:\\\/\\\/cc-sud.eu\\\/es\\\/#website\",\"url\":\"https:\\\/\\\/cc-sud.eu\\\/es\\\/\",\"name\":\"CC Sud\",\"description\":\"\",\"publisher\":{\"@id\":\"https:\\\/\\\/cc-sud.eu\\\/es\\\/#organization\"},\"potentialAction\":[{\"@type\":\"SearchAction\",\"target\":{\"@type\":\"EntryPoint\",\"urlTemplate\":\"https:\\\/\\\/cc-sud.eu\\\/es\\\/?s={search_term_string}\"},\"query-input\":{\"@type\":\"PropertyValueSpecification\",\"valueRequired\":true,\"valueName\":\"search_term_string\"}}],\"inLanguage\":\"es\"},{\"@type\":\"Organization\",\"@id\":\"https:\\\/\\\/cc-sud.eu\\\/es\\\/#organization\",\"name\":\"CC Sud\",\"url\":\"https:\\\/\\\/cc-sud.eu\\\/es\\\/\",\"logo\":{\"@type\":\"ImageObject\",\"inLanguage\":\"es\",\"@id\":\"https:\\\/\\\/cc-sud.eu\\\/es\\\/#\\\/schema\\\/logo\\\/image\\\/\",\"url\":\"https:\\\/\\\/cc-sud.eu\\\/wp-content\\\/uploads\\\/2024\\\/02\\\/logo.svg\",\"contentUrl\":\"https:\\\/\\\/cc-sud.eu\\\/wp-content\\\/uploads\\\/2024\\\/02\\\/logo.svg\",\"width\":198,\"height\":60,\"caption\":\"CC Sud\"},\"image\":{\"@id\":\"https:\\\/\\\/cc-sud.eu\\\/es\\\/#\\\/schema\\\/logo\\\/image\\\/\"}}]}<\/script>\n<!-- \/ Yoast SEO plugin. -->","yoast_head_json":{"title":"Hacerse miembro - CC Sud","robots":{"index":"index","follow":"follow","max-snippet":"max-snippet:-1","max-image-preview":"max-image-preview:large","max-video-preview":"max-video-preview:-1"},"canonical":"https:\/\/cc-sud.eu\/es\/organos-de-trabajo\/hacerse-miembro\/","og_locale":"es_ES","og_type":"article","og_title":"Hacerse miembro - CC Sud","og_description":"Descargar el formulario oficial de adhesion al CC SUR El&hellip;","og_url":"https:\/\/cc-sud.eu\/es\/organos-de-trabajo\/hacerse-miembro\/","og_site_name":"CC Sud","article_modified_time":"2025-02-12T09:20:15+00:00","og_image":[{"width":900,"height":690,"url":"https:\/\/cc-sud.eu\/wp-content\/uploads\/2024\/05\/cover1-5decf091.jpg","type":"image\/jpeg"}],"twitter_card":"summary_large_image","twitter_misc":{"Tiempo de lectura":"1 minuto"},"schema":{"@context":"https:\/\/schema.org","@graph":[{"@type":"WebPage","@id":"https:\/\/cc-sud.eu\/es\/organos-de-trabajo\/hacerse-miembro\/","url":"https:\/\/cc-sud.eu\/es\/organos-de-trabajo\/hacerse-miembro\/","name":"Hacerse miembro - CC Sud","isPartOf":{"@id":"https:\/\/cc-sud.eu\/es\/#website"},"primaryImageOfPage":{"@id":"https:\/\/cc-sud.eu\/es\/organos-de-trabajo\/hacerse-miembro\/#primaryimage"},"image":{"@id":"https:\/\/cc-sud.eu\/es\/organos-de-trabajo\/hacerse-miembro\/#primaryimage"},"thumbnailUrl":"https:\/\/cc-sud.eu\/wp-content\/uploads\/2024\/05\/cover1-5decf091.jpg","datePublished":"2024-02-22T13:47:14+00:00","dateModified":"2025-02-12T09:20:15+00:00","breadcrumb":{"@id":"https:\/\/cc-sud.eu\/es\/organos-de-trabajo\/hacerse-miembro\/#breadcrumb"},"inLanguage":"es","potentialAction":[{"@type":"ReadAction","target":["https:\/\/cc-sud.eu\/es\/organos-de-trabajo\/hacerse-miembro\/"]}]},{"@type":"ImageObject","inLanguage":"es","@id":"https:\/\/cc-sud.eu\/es\/organos-de-trabajo\/hacerse-miembro\/#primaryimage","url":"https:\/\/cc-sud.eu\/wp-content\/uploads\/2024\/05\/cover1-5decf091.jpg","contentUrl":"https:\/\/cc-sud.eu\/wp-content\/uploads\/2024\/05\/cover1-5decf091.jpg"},{"@type":"BreadcrumbList","@id":"https:\/\/cc-sud.eu\/es\/organos-de-trabajo\/hacerse-miembro\/#breadcrumb","itemListElement":[{"@type":"ListItem","position":1,"name":"CC Sud","item":"https:\/\/cc-sud.eu\/es\/"},{"@type":"ListItem","position":2,"name":"Grupos de trabajo","item":"https:\/\/cc-sud.eu\/es\/organos-de-trabajo\/"},{"@type":"ListItem","position":3,"name":"Hacerse miembro"}]},{"@type":"WebSite","@id":"https:\/\/cc-sud.eu\/es\/#website","url":"https:\/\/cc-sud.eu\/es\/","name":"CC Sud","description":"","publisher":{"@id":"https:\/\/cc-sud.eu\/es\/#organization"},"potentialAction":[{"@type":"SearchAction","target":{"@type":"EntryPoint","urlTemplate":"https:\/\/cc-sud.eu\/es\/?s={search_term_string}"},"query-input":{"@type":"PropertyValueSpecification","valueRequired":true,"valueName":"search_term_string"}}],"inLanguage":"es"},{"@type":"Organization","@id":"https:\/\/cc-sud.eu\/es\/#organization","name":"CC Sud","url":"https:\/\/cc-sud.eu\/es\/","logo":{"@type":"ImageObject","inLanguage":"es","@id":"https:\/\/cc-sud.eu\/es\/#\/schema\/logo\/image\/","url":"https:\/\/cc-sud.eu\/wp-content\/uploads\/2024\/02\/logo.svg","contentUrl":"https:\/\/cc-sud.eu\/wp-content\/uploads\/2024\/02\/logo.svg","width":198,"height":60,"caption":"CC Sud"},"image":{"@id":"https:\/\/cc-sud.eu\/es\/#\/schema\/logo\/image\/"}}]}},"_links":{"self":[{"href":"https:\/\/cc-sud.eu\/es\/wp-json\/wp\/v2\/pages\/20069","targetHints":{"allow":["GET"]}}],"collection":[{"href":"https:\/\/cc-sud.eu\/es\/wp-json\/wp\/v2\/pages"}],"about":[{"href":"https:\/\/cc-sud.eu\/es\/wp-json\/wp\/v2\/types\/page"}],"author":[{"embeddable":true,"href":"https:\/\/cc-sud.eu\/es\/wp-json\/wp\/v2\/users\/1"}],"replies":[{"embeddable":true,"href":"https:\/\/cc-sud.eu\/es\/wp-json\/wp\/v2\/comments?post=20069"}],"version-history":[{"count":7,"href":"https:\/\/cc-sud.eu\/es\/wp-json\/wp\/v2\/pages\/20069\/revisions"}],"predecessor-version":[{"id":1213562,"href":"https:\/\/cc-sud.eu\/es\/wp-json\/wp\/v2\/pages\/20069\/revisions\/1213562"}],"up":[{"embeddable":true,"href":"https:\/\/cc-sud.eu\/es\/wp-json\/wp\/v2\/pages\/19847"}],"wp:attachment":[{"href":"https:\/\/cc-sud.eu\/es\/wp-json\/wp\/v2\/media?parent=20069"}],"curies":[{"name":"wp","href":"https:\/\/api.w.org\/{rel}","templated":true}]}}