{"id":20107,"date":"2024-02-01T15:34:36","date_gmt":"2024-02-01T14:34:36","guid":{"rendered":"https:\/\/cc-sud.eu\/informacion-juridica\/"},"modified":"2024-06-26T16:32:46","modified_gmt":"2024-06-26T14:32:46","slug":"informacion-juridica","status":"publish","type":"page","link":"https:\/\/cc-sud.eu\/es\/informacion-juridica\/","title":{"rendered":"Informaci\u00f3n jur\u00eddica"},"content":{"rendered":"\t\t<div data-elementor-type=\"wp-page\" data-elementor-id=\"20107\" class=\"elementor elementor-20107 elementor-8\" data-elementor-post-type=\"page\">\n\t\t\t\t<div class=\"elementor-element elementor-element-1c5f6c55 e-flex e-con-boxed e-con e-parent\" data-id=\"1c5f6c55\" data-element_type=\"container\" data-e-type=\"container\">\n\t\t\t\t\t<div class=\"e-con-inner\">\n\t\t\t\t<div class=\"elementor-element elementor-element-28d3046d elementor-widget elementor-widget-heading\" data-id=\"28d3046d\" data-element_type=\"widget\" data-e-type=\"widget\" data-widget_type=\"heading.default\">\n\t\t\t\t<div class=\"elementor-widget-container\">\n\t\t\t\t\t<h2 class=\"elementor-heading-title elementor-size-default\">El Consejo Consultivo para las aguas occidentales australes (CCS, S para Sul y ex CCR Sur)<\/h2>\t\t\t\t<\/div>\n\t\t\t\t<\/div>\n\t\t\t\t<div class=\"elementor-element elementor-element-499eb7b2 elementor-widget elementor-widget-text-editor\" data-id=\"499eb7b2\" data-element_type=\"widget\" data-e-type=\"widget\" data-widget_type=\"text-editor.default\">\n\t\t\t\t<div class=\"elementor-widget-container\">\n\t\t\t\t\t\t\t\t\t<p>EL \u00abCONSEJO CONSULTIVO DE LAS AGUAS DEL SUROESTE\u00bb 6 RUE ALPHONSE RIO &#8211; 56100 LORIENT &#8211; FRANCIA DECLINA TODA RESPONSABILIDAD EN CASO DE ERROR U OMISI\u00d3N. LA INFORMACI\u00d3N Y LOS RECURSOS DISPONIBLES EN ESTE SITIO SE FACILITAN \u00daNICAMENTE A T\u00cdTULO INFORMATIVO Y EL EDITOR DECLINA TODA RESPONSABILIDAD AL RESPECTO. PARA SE\u00d1ALAR UN ERROR O SOLICITAR LA RECTIFICACI\u00d3N DE UNA INFORMACI\u00d3N, P\u00d3NGASE EN CONTACTO CON NOSOTROS POR CORREO ELECTR\u00d3NICO EN LA SECCI\u00d3N CONTACTO.<\/p>\n\t\t\t\t\t\t\t\t<\/div>\n\t\t\t\t<\/div>\n\t\t\t\t\t<\/div>\n\t\t\t\t<\/div>\n\t\t<div class=\"elementor-element elementor-element-cff47bc e-flex e-con-boxed e-con e-parent\" data-id=\"cff47bc\" data-element_type=\"container\" data-e-type=\"container\">\n\t\t\t\t\t<div class=\"e-con-inner\">\n\t\t\t\t<div class=\"elementor-element elementor-element-0c72e07 elementor-widget elementor-widget-text-editor\" data-id=\"0c72e07\" data-element_type=\"widget\" data-e-type=\"widget\" data-widget_type=\"text-editor.default\">\n\t\t\t\t<div class=\"elementor-widget-container\">\n\t\t\t\t\t\t\t\t\t<p>De conformidad con el art\u00edculo 6 de la Ley francesa n\u00ba 2004-575, de 21 de junio de 2004, sobre la confianza en la econom\u00eda digital, se informa a los usuarios del sitio web <strong><a href=\"https:\/\/cc-sud.eu\">https:\/\/cc-sud.eu<\/a><\/strong> de la identidad de las distintas partes implicadas en su creaci\u00f3n y seguimiento.<\/p>\n\t\t\t\t\t\t\t\t<\/div>\n\t\t\t\t<\/div>\n\t\t\t\t\t<\/div>\n\t\t\t\t<\/div>\n\t\t<div class=\"elementor-element elementor-element-da3da62 e-flex e-con-boxed e-con e-parent\" data-id=\"da3da62\" data-element_type=\"container\" data-e-type=\"container\" data-settings=\"{&quot;background_background&quot;:&quot;classic&quot;}\">\n\t\t\t\t\t<div class=\"e-con-inner\">\n\t\t<div class=\"elementor-element elementor-element-758f9ea0 e-con-full e-flex e-con e-child\" data-id=\"758f9ea0\" data-element_type=\"container\" data-e-type=\"container\">\n\t\t\t\t<div class=\"elementor-element elementor-element-ee45945 elementor-widget elementor-widget-heading\" data-id=\"ee45945\" data-element_type=\"widget\" data-e-type=\"widget\" data-widget_type=\"heading.default\">\n\t\t\t\t<div class=\"elementor-widget-container\">\n\t\t\t\t\t<h2 class=\"elementor-heading-title elementor-size-default\">Propietario del sitio web<\/h2>\t\t\t\t<\/div>\n\t\t\t\t<\/div>\n\t\t\t\t<div class=\"elementor-element elementor-element-19013f3e elementor-widget elementor-widget-text-editor\" data-id=\"19013f3e\" data-element_type=\"widget\" data-e-type=\"widget\" data-widget_type=\"text-editor.default\">\n\t\t\t\t<div class=\"elementor-widget-container\">\n\t\t\t\t\t\t\t\t\t<p><strong>CONSEJO CONSULTIVO REGIONAL DE AGUAS SUROCCIDENTALES <\/strong><\/p>\n<p>6 RUE ALPHONSE RIO 56100 LORIENT<br \/>N\u00daMERO SIRET: 499 722 643 000 16<br \/>02 97 83 11 69<br \/><span style=\"text-decoration: underline;\"><strong><a href=\"https:\/\/cc-sud.eu\/es\/contactarnos\/\"><a href=\"https:\/\/cc-sud.eu\/es\/contactarnos\/\">Contacto por correo electr\u00f3nico<\/a><\/a><\/strong><\/span><\/p>\n<p><span style=\"text-decoration: underline;\">Directora de la publicaci\u00f3n:<\/span> DRILLET Aur\u00e9lie <br \/><span style=\"text-decoration: underline;\">Correo electr\u00f3nico de la directora de publicaci\u00f3n:<\/span> adrillet[at]cc-sud.eu<\/p>\n\t\t\t\t\t\t\t\t<\/div>\n\t\t\t\t<\/div>\n\t\t\t\t<\/div>\n\t\t<div class=\"elementor-element elementor-element-5b20a545 e-con-full e-flex e-con e-child\" data-id=\"5b20a545\" data-element_type=\"container\" data-e-type=\"container\" data-settings=\"{&quot;background_background&quot;:&quot;classic&quot;}\">\n\t\t\t\t<div class=\"elementor-element elementor-element-83e446e elementor-widget elementor-widget-heading\" data-id=\"83e446e\" data-element_type=\"widget\" data-e-type=\"widget\" data-widget_type=\"heading.default\">\n\t\t\t\t<div class=\"elementor-widget-container\">\n\t\t\t\t\t<h2 class=\"elementor-heading-title elementor-size-default\">Producci\u00f3n del sitio web<\/h2>\t\t\t\t<\/div>\n\t\t\t\t<\/div>\n\t\t\t\t<div class=\"elementor-element elementor-element-453d812a elementor-widget elementor-widget-text-editor\" data-id=\"453d812a\" data-element_type=\"widget\" data-e-type=\"widget\" data-widget_type=\"text-editor.default\">\n\t\t\t\t<div class=\"elementor-widget-container\">\n\t\t\t\t\t\t\t\t\t<p><strong>SARL Dream me up<\/strong><br \/>Le Jaipur &#8211; B\u00e2timent A<br \/>10 rue Fran\u00e7ois Tanguy Prigent<br \/>56890 SAINT-AV\u00c9<\/p>\n<p><span style=\"text-decoration: underline;\"><strong><a href=\"https:\/\/www.dream-me-up.fr\/agence-web-lorient\"><a href=\"https:\/\/www.dream-me-up.fr\/agence-web-lorient\">Agencia WordPress en Lorient<\/a><\/a><\/strong><\/span><\/p>\n<p>R.C.S. VANNES 501 021 588<br \/>https:\/\/www.dream-me-up.fr<br \/>Direcci\u00f3n de contacto: contact[at]dream-me-up.fr<br \/>Tel\u00e9fono : 02 97 63 83 06<\/p>\n\t\t\t\t\t\t\t\t<\/div>\n\t\t\t\t<\/div>\n\t\t\t\t<\/div>\n\t\t\t\t\t<\/div>\n\t\t\t\t<\/div>\n\t\t<div class=\"elementor-element elementor-element-a8e663e e-flex e-con-boxed e-con e-parent\" data-id=\"a8e663e\" data-element_type=\"container\" data-e-type=\"container\">\n\t\t\t\t\t<div class=\"e-con-inner\">\n\t\t\t\t<div class=\"elementor-element elementor-element-a8f04da elementor-widget elementor-widget-heading\" data-id=\"a8f04da\" data-element_type=\"widget\" data-e-type=\"widget\" data-widget_type=\"heading.default\">\n\t\t\t\t<div class=\"elementor-widget-container\">\n\t\t\t\t\t<h2 class=\"elementor-heading-title elementor-size-default\">Alojamiento del sitio web<\/h2>\t\t\t\t<\/div>\n\t\t\t\t<\/div>\n\t\t\t\t<div class=\"elementor-element elementor-element-07eb380 elementor-widget elementor-widget-text-editor\" data-id=\"07eb380\" data-element_type=\"widget\" data-e-type=\"widget\" data-widget_type=\"text-editor.default\">\n\t\t\t\t<div class=\"elementor-widget-container\">\n\t\t\t\t\t\t\t\t\t<p>El sitio web est\u00e1 alojado en un servidor dedicado en SASU OVH &#8211; 2 rue Kellermann 59100 ROUBAIX-Francia. SIRET n\u00b0 42476141900045 &#8211; Tel\u00e9fono: 09 72 10 10 07.<\/p>\n<p>El mantenimiento corre a cargo de <strong>Dream me up. <\/strong><\/p>\n\t\t\t\t\t\t\t\t<\/div>\n\t\t\t\t<\/div>\n\t\t\t\t\t<\/div>\n\t\t\t\t<\/div>\n\t\t<div class=\"elementor-element elementor-element-3a67b9c e-flex e-con-boxed e-con e-parent\" data-id=\"3a67b9c\" data-element_type=\"container\" data-e-type=\"container\">\n\t\t\t\t\t<div class=\"e-con-inner\">\n\t\t\t\t<div class=\"elementor-element elementor-element-b22e2ca elementor-widget elementor-widget-heading\" data-id=\"b22e2ca\" data-element_type=\"widget\" data-e-type=\"widget\" data-widget_type=\"heading.default\">\n\t\t\t\t<div class=\"elementor-widget-container\">\n\t\t\t\t\t<h2 class=\"elementor-heading-title elementor-size-default\">Derechos de propiedad intelectual<\/h2>\t\t\t\t<\/div>\n\t\t\t\t<\/div>\n\t\t\t\t<div class=\"elementor-element elementor-element-4e8e278 elementor-widget elementor-widget-text-editor\" data-id=\"4e8e278\" data-element_type=\"widget\" data-e-type=\"widget\" data-widget_type=\"text-editor.default\">\n\t\t\t\t<div class=\"elementor-widget-container\">\n\t\t\t\t\t\t\t\t\t<p>La estructura general, as\u00ed como el software, los textos, las im\u00e1genes (animadas o no), el know-how y todos los dem\u00e1s elementos que componen el sitio son propiedad exclusiva de <strong>CCSud<\/strong><strong>.<\/strong><\/p>\n<p>Cualquier representaci\u00f3n total o parcial de esta p\u00e1gina web por cualquier persona sin la autorizaci\u00f3n expresa de <strong>CCSud <\/strong> est\u00e1 prohibida y constituir\u00eda una infracci\u00f3n sancionada por los art\u00edculos L. 335-2 y siguientes del C\u00f3digo de la Propiedad Intelectual franc\u00e9s.<\/p>\n<p>Las marcas de la <strong>CCSud <\/strong> y de sus socios, as\u00ed como los logotipos, fotos y esquemas que aparecen en el sitio son marcas registradas.<\/p>\n<p>Cualquier reproducci\u00f3n total o parcial de estas marcas o logotipos a partir de elementos de la web sin la autorizaci\u00f3n expresa de <strong>CCSud<\/strong> est\u00e1, por tanto, prohibida en virtud del C\u00f3digo de la Propiedad Intelectual.<\/p>\n\t\t\t\t\t\t\t\t<\/div>\n\t\t\t\t<\/div>\n\t\t\t\t\t<\/div>\n\t\t\t\t<\/div>\n\t\t<div class=\"elementor-element elementor-element-7ca8b48c en-avant e-flex e-con-boxed e-con e-parent\" data-id=\"7ca8b48c\" data-element_type=\"container\" data-e-type=\"container\">\n\t\t\t\t\t<div class=\"e-con-inner\">\n\t\t<div class=\"elementor-element elementor-element-7e9a9b51 e-flex e-con-boxed e-con e-child\" data-id=\"7e9a9b51\" data-element_type=\"container\" data-e-type=\"container\" data-settings=\"{&quot;background_background&quot;:&quot;classic&quot;}\">\n\t\t\t\t\t<div class=\"e-con-inner\">\n\t\t\t\t<div class=\"elementor-element elementor-element-2ef25d98 elementor-widget elementor-widget-text-editor\" data-id=\"2ef25d98\" data-element_type=\"widget\" data-e-type=\"widget\" data-widget_type=\"text-editor.default\">\n\t\t\t\t<div class=\"elementor-widget-container\">\n\t\t\t\t\t\t\t\t\t<p><strong>Fotos<\/strong>: ACERGA \/ IFSUA \/ CIDPMEM 64-40 \/ Manuel Blanco \/ Sanders Meyns<\/p>\n\t\t\t\t\t\t\t\t<\/div>\n\t\t\t\t<\/div>\n\t\t\t\t\t<\/div>\n\t\t\t\t<\/div>\n\t\t\t\t\t<\/div>\n\t\t\t\t<\/div>\n\t\t<div class=\"elementor-element elementor-element-5e27d21 e-flex e-con-boxed e-con e-parent\" data-id=\"5e27d21\" data-element_type=\"container\" data-e-type=\"container\">\n\t\t\t\t\t<div class=\"e-con-inner\">\n\t\t\t\t<div class=\"elementor-element elementor-element-f8bc554 elementor-widget elementor-widget-heading\" data-id=\"f8bc554\" data-element_type=\"widget\" data-e-type=\"widget\" data-widget_type=\"heading.default\">\n\t\t\t\t<div class=\"elementor-widget-container\">\n\t\t\t\t\t<h2 class=\"elementor-heading-title elementor-size-default\">RGPD: Pol\u00edtica de privacidad y cookies<\/h2>\t\t\t\t<\/div>\n\t\t\t\t<\/div>\n\t\t\t\t<div class=\"elementor-element elementor-element-044d08f elementor-widget elementor-widget-text-editor\" data-id=\"044d08f\" data-element_type=\"widget\" data-e-type=\"widget\" data-widget_type=\"text-editor.default\">\n\t\t\t\t<div class=\"elementor-widget-container\">\n\t\t\t\t\t\t\t\t\t<p>Los datos personales son cualquier informaci\u00f3n relativa a una persona f\u00edsica: apellidos, nombre, direcci\u00f3n, n\u00famero de tel\u00e9fono, etc. <\/p>\n<p>Nuestra web cumple con la ley RGPD para la seguridad de sus datos personales de 25 de mayo de 2018.<\/p>\n\t\t\t\t\t\t\t\t<\/div>\n\t\t\t\t<\/div>\n\t\t\t\t\t<\/div>\n\t\t\t\t<\/div>\n\t\t<div class=\"elementor-element elementor-element-3a38d56 en-avant e-flex e-con-boxed e-con e-parent\" data-id=\"3a38d56\" data-element_type=\"container\" data-e-type=\"container\">\n\t\t\t\t\t<div class=\"e-con-inner\">\n\t\t<div class=\"elementor-element elementor-element-34bca88 e-flex e-con-boxed e-con e-child\" data-id=\"34bca88\" data-element_type=\"container\" data-e-type=\"container\" data-settings=\"{&quot;background_background&quot;:&quot;classic&quot;}\">\n\t\t\t\t\t<div class=\"e-con-inner\">\n\t\t\t\t<div class=\"elementor-element elementor-element-d4afcbb elementor-widget elementor-widget-text-editor\" data-id=\"d4afcbb\" data-element_type=\"widget\" data-e-type=\"widget\" data-widget_type=\"text-editor.default\">\n\t\t\t\t<div class=\"elementor-widget-container\">\n\t\t\t\t\t\t\t\t\t<p><span style=\"text-decoration: underline;\"><strong><a href=\"https:\/\/cc-sud.eu\/politique-de-confidentialite\/\"><a href=\"https:\/\/cc-sud.eu\/politique-de-confidentialite\/\">Haz clic aqu\u00ed para acceder a nuestra Pol\u00edtica de privacidad e informaci\u00f3n sobre cookies<\/a><\/a><\/strong><\/span><\/p>\n\t\t\t\t\t\t\t\t<\/div>\n\t\t\t\t<\/div>\n\t\t\t\t\t<\/div>\n\t\t\t\t<\/div>\n\t\t\t\t\t<\/div>\n\t\t\t\t<\/div>\n\t\t<div class=\"elementor-element elementor-element-7b99820 e-flex e-con-boxed e-con e-parent\" data-id=\"7b99820\" data-element_type=\"container\" data-e-type=\"container\">\n\t\t\t\t\t<div class=\"e-con-inner\">\n\t\t\t\t<div class=\"elementor-element elementor-element-06db40e elementor-widget elementor-widget-heading\" data-id=\"06db40e\" data-element_type=\"widget\" data-e-type=\"widget\" data-widget_type=\"heading.default\">\n\t\t\t\t<div class=\"elementor-widget-container\">\n\t\t\t\t\t<h2 class=\"elementor-heading-title elementor-size-default\">CONTENIDO DE LA INFORMACI\u00d3N, VIRUS, ENLACES EXTERNOS Y VISUALIZACI\u00d3N<\/h2>\t\t\t\t<\/div>\n\t\t\t\t<\/div>\n\t\t\t\t<div class=\"elementor-element elementor-element-825821f elementor-widget elementor-widget-text-editor\" data-id=\"825821f\" data-element_type=\"widget\" data-e-type=\"widget\" data-widget_type=\"text-editor.default\">\n\t\t\t\t<div class=\"elementor-widget-container\">\n\t\t\t\t\t\t\t\t\t<p>La informaci\u00f3n y los datos contenidos en este sitio web se publican a t\u00edtulo informativo y no son vinculantes contractualmente.<\/p>\n<p>El \u00ab<strong>Conseil Consultatif pour les Eaux Occidentales du Sud<\/strong>\u00bb no se hace responsable de posibles errores u omisiones en los textos y fotos de este sitio. La informaci\u00f3n est\u00e1 sujeta a cambios sin previo aviso. Si, a pesar de nuestra vigilancia, encuentra alg\u00fan error en este sitio, no dude en comunic\u00e1rnoslo envi\u00e1ndonos un correo electr\u00f3nico a la secci\u00f3n de contacto.<\/p>\n<p>El \u00ab<strong>Conseil Consultatif pour les Eaux Occidentales du Sud<\/strong>\u00bb no asume ninguna responsabilidad y no ser\u00e1 responsable de ning\u00fan da\u00f1o resultante de virus inform\u00e1ticos que puedan infectar su equipo inform\u00e1tico u otra propiedad suya debido al uso o navegaci\u00f3n por el sitio web o a la descarga de cualquier material, datos, texto, im\u00e1genes, v\u00eddeo o audio del sitio web.<\/p>\n<p>Este sitio web puede contener enlaces a otros sitios web. El \u00ab<strong>Conseil Consultatif pour les Eaux Occidentales du Sud<\/strong>\u00bb no es en ning\u00fan caso responsable del contenido de estos otros sitios.<\/p>\n<p>Este sitio responsivo est\u00e1 optimizado para los principales navegadores:<br \/>Internet Explorer (9, 10 y 11), Mozilla, Firefox, Camino, Opera, Google Chrome y Safari.<\/p>\n\t\t\t\t\t\t\t\t<\/div>\n\t\t\t\t<\/div>\n\t\t\t\t\t<\/div>\n\t\t\t\t<\/div>\n\t\t\t\t<\/div>\n\t\t","protected":false},"excerpt":{"rendered":"<p>El Consejo Consultivo para las aguas occidentales australes (CCS, S&hellip;<\/p>\n","protected":false},"author":1,"featured_media":0,"parent":0,"menu_order":0,"comment_status":"closed","ping_status":"closed","template":"","meta":{"_acf_changed":false,"footnotes":""},"class_list":["post-20107","page","type-page","status-publish","hentry"],"acf":[],"yoast_head":"<!-- This site is optimized with the Yoast SEO plugin v27.3 - https:\/\/yoast.com\/product\/yoast-seo-wordpress\/ -->\n<title>Informaci\u00f3n jur\u00eddica - CC Sud<\/title>\n<meta name=\"robots\" content=\"noindex, follow\" \/>\n<meta property=\"og:locale\" content=\"es_ES\" \/>\n<meta property=\"og:type\" content=\"article\" \/>\n<meta property=\"og:title\" content=\"Informaci\u00f3n jur\u00eddica - CC Sud\" \/>\n<meta property=\"og:description\" content=\"El Consejo Consultivo para las aguas occidentales australes (CCS, S&hellip;\" \/>\n<meta property=\"og:url\" content=\"https:\/\/cc-sud.eu\/es\/informacion-juridica\/\" \/>\n<meta property=\"og:site_name\" content=\"CC Sud\" \/>\n<meta property=\"article:modified_time\" content=\"2024-06-26T14:32:46+00:00\" \/>\n<meta name=\"twitter:card\" content=\"summary_large_image\" \/>\n<meta name=\"twitter:label1\" content=\"Tiempo de lectura\" \/>\n\t<meta name=\"twitter:data1\" content=\"3 minutos\" \/>\n<script type=\"application\/ld+json\" class=\"yoast-schema-graph\">{\"@context\":\"https:\\\/\\\/schema.org\",\"@graph\":[{\"@type\":\"WebPage\",\"@id\":\"https:\\\/\\\/cc-sud.eu\\\/es\\\/informacion-juridica\\\/\",\"url\":\"https:\\\/\\\/cc-sud.eu\\\/es\\\/informacion-juridica\\\/\",\"name\":\"Informaci\u00f3n jur\u00eddica - CC Sud\",\"isPartOf\":{\"@id\":\"https:\\\/\\\/cc-sud.eu\\\/es\\\/#website\"},\"datePublished\":\"2024-02-01T14:34:36+00:00\",\"dateModified\":\"2024-06-26T14:32:46+00:00\",\"breadcrumb\":{\"@id\":\"https:\\\/\\\/cc-sud.eu\\\/es\\\/informacion-juridica\\\/#breadcrumb\"},\"inLanguage\":\"es\",\"potentialAction\":[{\"@type\":\"ReadAction\",\"target\":[\"https:\\\/\\\/cc-sud.eu\\\/es\\\/informacion-juridica\\\/\"]}]},{\"@type\":\"BreadcrumbList\",\"@id\":\"https:\\\/\\\/cc-sud.eu\\\/es\\\/informacion-juridica\\\/#breadcrumb\",\"itemListElement\":[{\"@type\":\"ListItem\",\"position\":1,\"name\":\"CC Sud\",\"item\":\"https:\\\/\\\/cc-sud.eu\\\/es\\\/\"},{\"@type\":\"ListItem\",\"position\":2,\"name\":\"Informaci\u00f3n jur\u00eddica\"}]},{\"@type\":\"WebSite\",\"@id\":\"https:\\\/\\\/cc-sud.eu\\\/es\\\/#website\",\"url\":\"https:\\\/\\\/cc-sud.eu\\\/es\\\/\",\"name\":\"CC Sud\",\"description\":\"\",\"publisher\":{\"@id\":\"https:\\\/\\\/cc-sud.eu\\\/es\\\/#organization\"},\"potentialAction\":[{\"@type\":\"SearchAction\",\"target\":{\"@type\":\"EntryPoint\",\"urlTemplate\":\"https:\\\/\\\/cc-sud.eu\\\/es\\\/?s={search_term_string}\"},\"query-input\":{\"@type\":\"PropertyValueSpecification\",\"valueRequired\":true,\"valueName\":\"search_term_string\"}}],\"inLanguage\":\"es\"},{\"@type\":\"Organization\",\"@id\":\"https:\\\/\\\/cc-sud.eu\\\/es\\\/#organization\",\"name\":\"CC Sud\",\"url\":\"https:\\\/\\\/cc-sud.eu\\\/es\\\/\",\"logo\":{\"@type\":\"ImageObject\",\"inLanguage\":\"es\",\"@id\":\"https:\\\/\\\/cc-sud.eu\\\/es\\\/#\\\/schema\\\/logo\\\/image\\\/\",\"url\":\"https:\\\/\\\/cc-sud.eu\\\/wp-content\\\/uploads\\\/2024\\\/02\\\/logo.svg\",\"contentUrl\":\"https:\\\/\\\/cc-sud.eu\\\/wp-content\\\/uploads\\\/2024\\\/02\\\/logo.svg\",\"width\":198,\"height\":60,\"caption\":\"CC Sud\"},\"image\":{\"@id\":\"https:\\\/\\\/cc-sud.eu\\\/es\\\/#\\\/schema\\\/logo\\\/image\\\/\"}}]}<\/script>\n<!-- \/ Yoast SEO plugin. -->","yoast_head_json":{"title":"Informaci\u00f3n jur\u00eddica - CC Sud","robots":{"index":"noindex","follow":"follow"},"og_locale":"es_ES","og_type":"article","og_title":"Informaci\u00f3n jur\u00eddica - CC Sud","og_description":"El Consejo Consultivo para las aguas occidentales australes (CCS, S&hellip;","og_url":"https:\/\/cc-sud.eu\/es\/informacion-juridica\/","og_site_name":"CC Sud","article_modified_time":"2024-06-26T14:32:46+00:00","twitter_card":"summary_large_image","twitter_misc":{"Tiempo de lectura":"3 minutos"},"schema":{"@context":"https:\/\/schema.org","@graph":[{"@type":"WebPage","@id":"https:\/\/cc-sud.eu\/es\/informacion-juridica\/","url":"https:\/\/cc-sud.eu\/es\/informacion-juridica\/","name":"Informaci\u00f3n jur\u00eddica - CC Sud","isPartOf":{"@id":"https:\/\/cc-sud.eu\/es\/#website"},"datePublished":"2024-02-01T14:34:36+00:00","dateModified":"2024-06-26T14:32:46+00:00","breadcrumb":{"@id":"https:\/\/cc-sud.eu\/es\/informacion-juridica\/#breadcrumb"},"inLanguage":"es","potentialAction":[{"@type":"ReadAction","target":["https:\/\/cc-sud.eu\/es\/informacion-juridica\/"]}]},{"@type":"BreadcrumbList","@id":"https:\/\/cc-sud.eu\/es\/informacion-juridica\/#breadcrumb","itemListElement":[{"@type":"ListItem","position":1,"name":"CC Sud","item":"https:\/\/cc-sud.eu\/es\/"},{"@type":"ListItem","position":2,"name":"Informaci\u00f3n jur\u00eddica"}]},{"@type":"WebSite","@id":"https:\/\/cc-sud.eu\/es\/#website","url":"https:\/\/cc-sud.eu\/es\/","name":"CC Sud","description":"","publisher":{"@id":"https:\/\/cc-sud.eu\/es\/#organization"},"potentialAction":[{"@type":"SearchAction","target":{"@type":"EntryPoint","urlTemplate":"https:\/\/cc-sud.eu\/es\/?s={search_term_string}"},"query-input":{"@type":"PropertyValueSpecification","valueRequired":true,"valueName":"search_term_string"}}],"inLanguage":"es"},{"@type":"Organization","@id":"https:\/\/cc-sud.eu\/es\/#organization","name":"CC Sud","url":"https:\/\/cc-sud.eu\/es\/","logo":{"@type":"ImageObject","inLanguage":"es","@id":"https:\/\/cc-sud.eu\/es\/#\/schema\/logo\/image\/","url":"https:\/\/cc-sud.eu\/wp-content\/uploads\/2024\/02\/logo.svg","contentUrl":"https:\/\/cc-sud.eu\/wp-content\/uploads\/2024\/02\/logo.svg","width":198,"height":60,"caption":"CC Sud"},"image":{"@id":"https:\/\/cc-sud.eu\/es\/#\/schema\/logo\/image\/"}}]}},"_links":{"self":[{"href":"https:\/\/cc-sud.eu\/es\/wp-json\/wp\/v2\/pages\/20107","targetHints":{"allow":["GET"]}}],"collection":[{"href":"https:\/\/cc-sud.eu\/es\/wp-json\/wp\/v2\/pages"}],"about":[{"href":"https:\/\/cc-sud.eu\/es\/wp-json\/wp\/v2\/types\/page"}],"author":[{"embeddable":true,"href":"https:\/\/cc-sud.eu\/es\/wp-json\/wp\/v2\/users\/1"}],"replies":[{"embeddable":true,"href":"https:\/\/cc-sud.eu\/es\/wp-json\/wp\/v2\/comments?post=20107"}],"version-history":[{"count":2,"href":"https:\/\/cc-sud.eu\/es\/wp-json\/wp\/v2\/pages\/20107\/revisions"}],"predecessor-version":[{"id":20343,"href":"https:\/\/cc-sud.eu\/es\/wp-json\/wp\/v2\/pages\/20107\/revisions\/20343"}],"wp:attachment":[{"href":"https:\/\/cc-sud.eu\/es\/wp-json\/wp\/v2\/media?parent=20107"}],"curies":[{"name":"wp","href":"https:\/\/api.w.org\/{rel}","templated":true}]}}