{"id":20143,"date":"2024-02-01T15:34:36","date_gmt":"2024-02-01T14:34:36","guid":{"rendered":"https:\/\/cc-sud.eu\/quienes-somos\/"},"modified":"2024-07-02T16:26:38","modified_gmt":"2024-07-02T14:26:38","slug":"quienes-somos","status":"publish","type":"page","link":"https:\/\/cc-sud.eu\/es\/quienes-somos\/","title":{"rendered":"\u00bfQui\u00e9nes somos?"},"content":{"rendered":"\t\t<div data-elementor-type=\"wp-page\" data-elementor-id=\"20143\" class=\"elementor elementor-20143 elementor-10\" data-elementor-post-type=\"page\">\n\t\t\t\t<div class=\"elementor-element elementor-element-4aa7ead e-flex e-con-boxed e-con e-parent\" data-id=\"4aa7ead\" data-element_type=\"container\" data-e-type=\"container\">\n\t\t\t\t\t<div class=\"e-con-inner\">\n\t\t\t\t<div class=\"elementor-element elementor-element-685a05f elementor-widget elementor-widget-heading\" data-id=\"685a05f\" data-element_type=\"widget\" data-e-type=\"widget\" data-widget_type=\"heading.default\">\n\t\t\t\t<div class=\"elementor-widget-container\">\n\t\t\t\t\t<h2 class=\"elementor-heading-title elementor-size-default\">El Consejo Consultivo para las aguas occidentales australes (CCS, S para Sul y ex CCR Sur)<\/h2>\t\t\t\t<\/div>\n\t\t\t\t<\/div>\n\t\t\t\t<div class=\"elementor-element elementor-element-1875344 elementor-widget elementor-widget-text-editor\" data-id=\"1875344\" data-element_type=\"widget\" data-e-type=\"widget\" data-widget_type=\"text-editor.default\">\n\t\t\t\t<div class=\"elementor-widget-container\">\n\t\t\t\t\t\t\t\t\t<p>El CC sur re\u00fane todos los actores que tienen un interes en la gestion de la pesca para proponer a la comisi\u00f3n europea y a los estados miembros dict\u00e1menes sobre la gesti\u00f3n de las pesca en el atl\u00e1ntico sur. El cc Sur es uno de los siete consejos consultivos establecidos por la voluntad de las instituciones europeas para fomentar la participaci\u00f3n de las partes interesadas para alcanzar los objetivos de pesca sostenible fijados por la pol\u00edtica pesquera com\u00fan.<\/p>\n\t\t\t\t\t\t\t\t<\/div>\n\t\t\t\t<\/div>\n\t\t\t\t\t<\/div>\n\t\t\t\t<\/div>\n\t\t<div class=\"elementor-element elementor-element-1a56c8e e-flex e-con-boxed e-con e-parent\" data-id=\"1a56c8e\" data-element_type=\"container\" data-e-type=\"container\" data-settings=\"{&quot;background_background&quot;:&quot;classic&quot;}\">\n\t\t\t\t\t<div class=\"e-con-inner\">\n\t\t<div class=\"elementor-element elementor-element-d4824a1 e-con-full e-flex e-con e-child\" data-id=\"d4824a1\" data-element_type=\"container\" data-e-type=\"container\">\n\t\t\t\t<div class=\"elementor-element elementor-element-a828c68 elementor-widget elementor-widget-text-editor\" data-id=\"a828c68\" data-element_type=\"widget\" data-e-type=\"widget\" data-widget_type=\"text-editor.default\">\n\t\t\t\t<div class=\"elementor-widget-container\">\n\t\t\t\t\t\t\t\t\t<p>Creado en Abril del 2007 conforme a la decisi\u00f3n del Consejo del 19 de Julio de 2004 que instituye los Consejos Consultivos Regionales (CCR). La creaci\u00f3n de los CCR es uno de los pilares de la reforma de la Pol\u00edtica Pesquera Com\u00fan llevada en el 2002. Tienen como meta permitir una mayor participaci\u00f3n de los actores del sector de la pesca en la gesti\u00f3n de los recursos marinos de las aguas europeas.<\/p>\n\t\t\t\t\t\t\t\t<\/div>\n\t\t\t\t<\/div>\n\t\t\t\t<\/div>\n\t\t<div class=\"elementor-element elementor-element-2c7c4ec e-con-full e-flex e-con e-child\" data-id=\"2c7c4ec\" data-element_type=\"container\" data-e-type=\"container\" data-settings=\"{&quot;background_background&quot;:&quot;classic&quot;}\">\n\t\t\t\t<div class=\"elementor-element elementor-element-ad74543 elementor-widget elementor-widget-heading\" data-id=\"ad74543\" data-element_type=\"widget\" data-e-type=\"widget\" data-widget_type=\"heading.default\">\n\t\t\t\t<div class=\"elementor-widget-container\">\n\t\t\t\t\t<h3 class=\"elementor-heading-title elementor-size-default\">Nuestra misi\u00f3n :<\/h3>\t\t\t\t<\/div>\n\t\t\t\t<\/div>\n\t\t\t\t<div class=\"elementor-element elementor-element-7ce544b elementor-widget elementor-widget-text-editor\" data-id=\"7ce544b\" data-element_type=\"widget\" data-e-type=\"widget\" data-widget_type=\"text-editor.default\">\n\t\t\t\t<div class=\"elementor-widget-container\">\n\t\t\t\t\t\t\t\t\t<ul>\n<li>Proponer a la Comisi\u00f3n Europea y a los Estados Miembros los dict\u00e1menes sacados de una consenso entre el sector de la pesca y de la sociedad civil.<\/li>\n<li>Contestar a las diferentes consultas ( comunicaciones, propuestas de Reglamento) lanzadas por la Comisi\u00f3n Europea.<\/li>\n<\/ul>\n\t\t\t\t\t\t\t\t<\/div>\n\t\t\t\t<\/div>\n\t\t\t\t<\/div>\n\t\t\t\t\t<\/div>\n\t\t\t\t<\/div>\n\t\t<div class=\"elementor-element elementor-element-3c3df72 en-avant e-flex e-con-boxed e-con e-parent\" data-id=\"3c3df72\" data-element_type=\"container\" data-e-type=\"container\">\n\t\t\t\t\t<div class=\"e-con-inner\">\n\t\t<div class=\"elementor-element elementor-element-f1e1686 e-flex e-con-boxed e-con e-child\" data-id=\"f1e1686\" data-element_type=\"container\" data-e-type=\"container\" data-settings=\"{&quot;background_background&quot;:&quot;classic&quot;}\">\n\t\t\t\t\t<div class=\"e-con-inner\">\n\t\t\t\t<div class=\"elementor-element elementor-element-577e06e elementor-widget elementor-widget-text-editor\" data-id=\"577e06e\" data-element_type=\"widget\" data-e-type=\"widget\" data-widget_type=\"text-editor.default\">\n\t\t\t\t<div class=\"elementor-widget-container\">\n\t\t\t\t\t\t\t\t\t<p>El CC SUR cubre la zona atl\u00e1ntica que va de la punta de Breta\u00f1a al Norte, hasta el estrecho de Gibraltar al Sur, as\u00ed como las regiones ultraperif\u00e9ricas de Madera, Azores y las Islas Canarias (zonas CIEM VIII, IX et X, u las divisiones COPACE 34.1.1., 34.1.2, 34.2.0).<\/p>\n\t\t\t\t\t\t\t\t<\/div>\n\t\t\t\t<\/div>\n\t\t\t\t\t<\/div>\n\t\t\t\t<\/div>\n\t\t\t\t\t<\/div>\n\t\t\t\t<\/div>\n\t\t<div class=\"elementor-element elementor-element-df91a1d image_texte e-flex e-con-boxed e-con e-parent\" data-id=\"df91a1d\" data-element_type=\"container\" data-e-type=\"container\" data-settings=\"{&quot;background_background&quot;:&quot;classic&quot;}\">\n\t\t\t\t\t<div class=\"e-con-inner\">\n\t\t<div class=\"elementor-element elementor-element-1787934 e-con-full e-flex e-con e-child\" data-id=\"1787934\" data-element_type=\"container\" data-e-type=\"container\" data-settings=\"{&quot;background_background&quot;:&quot;classic&quot;}\">\n\t\t<div class=\"elementor-element elementor-element-559bded e-flex e-con-boxed e-con e-child\" data-id=\"559bded\" data-element_type=\"container\" data-e-type=\"container\" data-settings=\"{&quot;background_background&quot;:&quot;classic&quot;}\">\n\t\t\t\t\t<div class=\"e-con-inner\">\n\t\t\t\t<div class=\"elementor-element elementor-element-3bbf71b elementor-widget elementor-widget-heading\" data-id=\"3bbf71b\" data-element_type=\"widget\" data-e-type=\"widget\" data-widget_type=\"heading.default\">\n\t\t\t\t<div class=\"elementor-widget-container\">\n\t\t\t\t\t<h2 class=\"elementor-heading-title elementor-size-default\">Nuestros representantes elegidos<\/h2>\t\t\t\t<\/div>\n\t\t\t\t<\/div>\n\t\t\t\t<div class=\"elementor-element elementor-element-f975769 elementor-widget elementor-widget-text-editor\" data-id=\"f975769\" data-element_type=\"widget\" data-e-type=\"widget\" data-widget_type=\"text-editor.default\">\n\t\t\t\t<div class=\"elementor-widget-container\">\n\t\t\t\t\t\t\t\t\t<ul>\n<li>Sergio Lopez<br \/><strong>(Presidente)<\/strong><\/li>\n<li>Humberto Jorge<br \/><strong>(Vicepresidente &#8211; PT)<\/strong><\/li>\n<li>Serge Larzabal<br \/><strong>(Vicepresidente &#8211; FR)<\/strong><\/li>\n<li>Raul Garcia<br \/><strong>(Vicepresidente &#8211; OIG)<\/strong><\/li>\n<\/ul>\n\t\t\t\t\t\t\t\t<\/div>\n\t\t\t\t<\/div>\n\t\t\t\t\t<\/div>\n\t\t\t\t<\/div>\n\t\t<div class=\"elementor-element elementor-element-f3ea2c8 e-flex e-con-boxed e-con e-child\" data-id=\"f3ea2c8\" data-element_type=\"container\" data-e-type=\"container\" data-settings=\"{&quot;background_background&quot;:&quot;classic&quot;}\">\n\t\t\t\t\t<div class=\"e-con-inner\">\n\t\t\t\t<div class=\"elementor-element elementor-element-2c472f0 elementor-widget elementor-widget-heading\" data-id=\"2c472f0\" data-element_type=\"widget\" data-e-type=\"widget\" data-widget_type=\"heading.default\">\n\t\t\t\t<div class=\"elementor-widget-container\">\n\t\t\t\t\t<h2 class=\"elementor-heading-title elementor-size-default\">Secretar\u00eda<\/h2>\t\t\t\t<\/div>\n\t\t\t\t<\/div>\n\t\t\t\t<div class=\"elementor-element elementor-element-6e1c473 elementor-widget elementor-widget-text-editor\" data-id=\"6e1c473\" data-element_type=\"widget\" data-e-type=\"widget\" data-widget_type=\"text-editor.default\">\n\t\t\t\t<div class=\"elementor-widget-container\">\n\t\t\t\t\t\t\t\t\t<ul>\n<li>Chlo\u00e9 Pocheau<\/li>\n<li>Aur\u00e9lie Drillet<\/li>\n<\/ul>\t\t\t\t\t\t\t\t<\/div>\n\t\t\t\t<\/div>\n\t\t\t\t\t<\/div>\n\t\t\t\t<\/div>\n\t\t<div class=\"elementor-element elementor-element-1934b6d e-flex e-con-boxed e-con e-child\" data-id=\"1934b6d\" data-element_type=\"container\" data-e-type=\"container\" data-settings=\"{&quot;background_background&quot;:&quot;classic&quot;}\">\n\t\t\t\t\t<div class=\"e-con-inner\">\n\t\t\t\t<div class=\"elementor-element elementor-element-7074872 elementor-widget elementor-widget-heading\" data-id=\"7074872\" data-element_type=\"widget\" data-e-type=\"widget\" data-widget_type=\"heading.default\">\n\t\t\t\t<div class=\"elementor-widget-container\">\n\t\t\t\t\t<h2 class=\"elementor-heading-title elementor-size-default\">Nuestros miembros<\/h2>\t\t\t\t<\/div>\n\t\t\t\t<\/div>\n\t\t\t\t<div class=\"elementor-element elementor-element-03e54b3 elementor-widget elementor-widget-heading\" data-id=\"03e54b3\" data-element_type=\"widget\" data-e-type=\"widget\" data-widget_type=\"heading.default\">\n\t\t\t\t<div class=\"elementor-widget-container\">\n\t\t\t\t\t<h3 class=\"elementor-heading-title elementor-size-default\">El CC Sud re\u00fane<\/h3>\t\t\t\t<\/div>\n\t\t\t\t<\/div>\n\t\t\t\t<div class=\"elementor-element elementor-element-eb2aa46 elementor-widget elementor-widget-text-editor\" data-id=\"eb2aa46\" data-element_type=\"widget\" data-e-type=\"widget\" data-widget_type=\"text-editor.default\">\n\t\t\t\t<div class=\"elementor-widget-container\">\n\t\t\t\t\t\t\t\t\t<ul>\n<li>Para 60% a representantes del sector de la pesca ( pescadores, armadores, organizaciones de productores, transformadores, intermediarios y organizaciones de mercados) de los cinco Estados Miembros ( Portugal, Espa\u00f1a, Francia, B\u00e9lgica y Pa\u00edses Bajos) .<\/li>\n<li>Para 40% a miembros de la sociedad civil ( acuicultura, asociaciones de consumidores, de defensa del medioambiente, de mujeres de pescadores, de la pesca no profesional\u2026).<\/li>\n<\/ul>\n<p>El CC SUR debe de organizar la concertaci\u00f3n y el consenso entre todos sus miembros sobre el conjunto de una muy amplia zona de pesca. Paralelamente, se le consulta y tiene que asumir su papel de interlocutor, en esta nueva etapa del proceso de toma de decisi\u00f3n de la Pol\u00edtica Pesquera Com\u00fan, y en la nueva gobernanza del sector.<\/p>\n\t\t\t\t\t\t\t\t<\/div>\n\t\t\t\t<\/div>\n\t\t\t\t<div class=\"elementor-element elementor-element-4a2a6c0 elementor-blockquote--skin-clean elementor-blockquote--align-center elementor-widget elementor-widget-blockquote\" data-id=\"4a2a6c0\" data-element_type=\"widget\" data-e-type=\"widget\" data-widget_type=\"blockquote.default\">\n\t\t\t\t<div class=\"elementor-widget-container\">\n\t\t\t\t\t\t\t<blockquote class=\"elementor-blockquote\">\n\t\t\t<p class=\"elementor-blockquote__content\">\n\t\t\t\tEl CC Sur privilegia la concertaci\u00f3n y el consenso de todos los intereses representados en su seno.\t\t\t<\/p>\n\t\t\t\t\t<\/blockquote>\n\t\t\t\t\t\t<\/div>\n\t\t\t\t<\/div>\n\t\t\t\t<div class=\"elementor-element elementor-element-36b4cab elementor-widget elementor-widget-button\" data-id=\"36b4cab\" data-element_type=\"widget\" data-e-type=\"widget\" data-widget_type=\"button.default\">\n\t\t\t\t<div class=\"elementor-widget-container\">\n\t\t\t\t\t\t\t\t\t<div class=\"elementor-button-wrapper\">\n\t\t\t\t\t<a class=\"elementor-button elementor-button-link elementor-size-sm\" href=\"https:\/\/cc-sud.eu\/es\/directorio\/\">\n\t\t\t\t\t\t<span class=\"elementor-button-content-wrapper\">\n\t\t\t\t\t\t\t\t\t<span class=\"elementor-button-text\">Ver el anuario de los miembros<\/span>\n\t\t\t\t\t<\/span>\n\t\t\t\t\t<\/a>\n\t\t\t\t<\/div>\n\t\t\t\t\t\t\t\t<\/div>\n\t\t\t\t<\/div>\n\t\t\t\t\t<\/div>\n\t\t\t\t<\/div>\n\t\t\t\t<\/div>\n\t\t\t\t\t<\/div>\n\t\t\t\t<\/div>\n\t\t\t\t<\/div>\n\t\t","protected":false},"excerpt":{"rendered":"<p>El Consejo Consultivo para las aguas occidentales australes (CCS, S&hellip;<\/p>\n","protected":false},"author":1,"featured_media":0,"parent":0,"menu_order":0,"comment_status":"closed","ping_status":"closed","template":"","meta":{"_acf_changed":false,"footnotes":""},"class_list":["post-20143","page","type-page","status-publish","hentry"],"acf":[],"yoast_head":"<!-- This site is optimized with the Yoast SEO plugin v27.1 - https:\/\/yoast.com\/product\/yoast-seo-wordpress\/ -->\n<title>\u00bfQui\u00e9nes somos? - CC Sud<\/title>\n<meta name=\"robots\" content=\"index, follow, max-snippet:-1, max-image-preview:large, max-video-preview:-1\" \/>\n<link rel=\"canonical\" href=\"https:\/\/cc-sud.eu\/es\/quienes-somos\/\" \/>\n<meta property=\"og:locale\" content=\"es_ES\" \/>\n<meta property=\"og:type\" content=\"article\" \/>\n<meta property=\"og:title\" content=\"\u00bfQui\u00e9nes somos? - CC Sud\" \/>\n<meta property=\"og:description\" content=\"El Consejo Consultivo para las aguas occidentales australes (CCS, S&hellip;\" \/>\n<meta property=\"og:url\" content=\"https:\/\/cc-sud.eu\/es\/quienes-somos\/\" \/>\n<meta property=\"og:site_name\" content=\"CC Sud\" \/>\n<meta property=\"article:modified_time\" content=\"2024-07-02T14:26:38+00:00\" \/>\n<meta name=\"twitter:card\" content=\"summary_large_image\" \/>\n<meta name=\"twitter:label1\" content=\"Tiempo de lectura\" \/>\n\t<meta name=\"twitter:data1\" content=\"2 minutos\" \/>\n<script type=\"application\/ld+json\" class=\"yoast-schema-graph\">{\"@context\":\"https:\/\/schema.org\",\"@graph\":[{\"@type\":\"WebPage\",\"@id\":\"https:\/\/cc-sud.eu\/es\/quienes-somos\/\",\"url\":\"https:\/\/cc-sud.eu\/es\/quienes-somos\/\",\"name\":\"\u00bfQui\u00e9nes somos? - CC Sud\",\"isPartOf\":{\"@id\":\"https:\/\/cc-sud.eu\/es\/#website\"},\"datePublished\":\"2024-02-01T14:34:36+00:00\",\"dateModified\":\"2024-07-02T14:26:38+00:00\",\"breadcrumb\":{\"@id\":\"https:\/\/cc-sud.eu\/es\/quienes-somos\/#breadcrumb\"},\"inLanguage\":\"es\",\"potentialAction\":[{\"@type\":\"ReadAction\",\"target\":[\"https:\/\/cc-sud.eu\/es\/quienes-somos\/\"]}]},{\"@type\":\"BreadcrumbList\",\"@id\":\"https:\/\/cc-sud.eu\/es\/quienes-somos\/#breadcrumb\",\"itemListElement\":[{\"@type\":\"ListItem\",\"position\":1,\"name\":\"CC Sud\",\"item\":\"https:\/\/cc-sud.eu\/es\/\"},{\"@type\":\"ListItem\",\"position\":2,\"name\":\"\u00bfQui\u00e9nes somos?\"}]},{\"@type\":\"WebSite\",\"@id\":\"https:\/\/cc-sud.eu\/es\/#website\",\"url\":\"https:\/\/cc-sud.eu\/es\/\",\"name\":\"CC Sud\",\"description\":\"\",\"publisher\":{\"@id\":\"https:\/\/cc-sud.eu\/es\/#organization\"},\"potentialAction\":[{\"@type\":\"SearchAction\",\"target\":{\"@type\":\"EntryPoint\",\"urlTemplate\":\"https:\/\/cc-sud.eu\/es\/?s={search_term_string}\"},\"query-input\":{\"@type\":\"PropertyValueSpecification\",\"valueRequired\":true,\"valueName\":\"search_term_string\"}}],\"inLanguage\":\"es\"},{\"@type\":\"Organization\",\"@id\":\"https:\/\/cc-sud.eu\/es\/#organization\",\"name\":\"CC Sud\",\"url\":\"https:\/\/cc-sud.eu\/es\/\",\"logo\":{\"@type\":\"ImageObject\",\"inLanguage\":\"es\",\"@id\":\"https:\/\/cc-sud.eu\/es\/#\/schema\/logo\/image\/\",\"url\":\"https:\/\/cc-sud.eu\/wp-content\/uploads\/2024\/02\/logo.svg\",\"contentUrl\":\"https:\/\/cc-sud.eu\/wp-content\/uploads\/2024\/02\/logo.svg\",\"width\":198,\"height\":60,\"caption\":\"CC Sud\"},\"image\":{\"@id\":\"https:\/\/cc-sud.eu\/es\/#\/schema\/logo\/image\/\"}}]}<\/script>\n<!-- \/ Yoast SEO plugin. -->","yoast_head_json":{"title":"\u00bfQui\u00e9nes somos? - CC Sud","robots":{"index":"index","follow":"follow","max-snippet":"max-snippet:-1","max-image-preview":"max-image-preview:large","max-video-preview":"max-video-preview:-1"},"canonical":"https:\/\/cc-sud.eu\/es\/quienes-somos\/","og_locale":"es_ES","og_type":"article","og_title":"\u00bfQui\u00e9nes somos? - CC Sud","og_description":"El Consejo Consultivo para las aguas occidentales australes (CCS, S&hellip;","og_url":"https:\/\/cc-sud.eu\/es\/quienes-somos\/","og_site_name":"CC Sud","article_modified_time":"2024-07-02T14:26:38+00:00","twitter_card":"summary_large_image","twitter_misc":{"Tiempo de lectura":"2 minutos"},"schema":{"@context":"https:\/\/schema.org","@graph":[{"@type":"WebPage","@id":"https:\/\/cc-sud.eu\/es\/quienes-somos\/","url":"https:\/\/cc-sud.eu\/es\/quienes-somos\/","name":"\u00bfQui\u00e9nes somos? - CC Sud","isPartOf":{"@id":"https:\/\/cc-sud.eu\/es\/#website"},"datePublished":"2024-02-01T14:34:36+00:00","dateModified":"2024-07-02T14:26:38+00:00","breadcrumb":{"@id":"https:\/\/cc-sud.eu\/es\/quienes-somos\/#breadcrumb"},"inLanguage":"es","potentialAction":[{"@type":"ReadAction","target":["https:\/\/cc-sud.eu\/es\/quienes-somos\/"]}]},{"@type":"BreadcrumbList","@id":"https:\/\/cc-sud.eu\/es\/quienes-somos\/#breadcrumb","itemListElement":[{"@type":"ListItem","position":1,"name":"CC Sud","item":"https:\/\/cc-sud.eu\/es\/"},{"@type":"ListItem","position":2,"name":"\u00bfQui\u00e9nes somos?"}]},{"@type":"WebSite","@id":"https:\/\/cc-sud.eu\/es\/#website","url":"https:\/\/cc-sud.eu\/es\/","name":"CC Sud","description":"","publisher":{"@id":"https:\/\/cc-sud.eu\/es\/#organization"},"potentialAction":[{"@type":"SearchAction","target":{"@type":"EntryPoint","urlTemplate":"https:\/\/cc-sud.eu\/es\/?s={search_term_string}"},"query-input":{"@type":"PropertyValueSpecification","valueRequired":true,"valueName":"search_term_string"}}],"inLanguage":"es"},{"@type":"Organization","@id":"https:\/\/cc-sud.eu\/es\/#organization","name":"CC Sud","url":"https:\/\/cc-sud.eu\/es\/","logo":{"@type":"ImageObject","inLanguage":"es","@id":"https:\/\/cc-sud.eu\/es\/#\/schema\/logo\/image\/","url":"https:\/\/cc-sud.eu\/wp-content\/uploads\/2024\/02\/logo.svg","contentUrl":"https:\/\/cc-sud.eu\/wp-content\/uploads\/2024\/02\/logo.svg","width":198,"height":60,"caption":"CC Sud"},"image":{"@id":"https:\/\/cc-sud.eu\/es\/#\/schema\/logo\/image\/"}}]}},"_links":{"self":[{"href":"https:\/\/cc-sud.eu\/es\/wp-json\/wp\/v2\/pages\/20143","targetHints":{"allow":["GET"]}}],"collection":[{"href":"https:\/\/cc-sud.eu\/es\/wp-json\/wp\/v2\/pages"}],"about":[{"href":"https:\/\/cc-sud.eu\/es\/wp-json\/wp\/v2\/types\/page"}],"author":[{"embeddable":true,"href":"https:\/\/cc-sud.eu\/es\/wp-json\/wp\/v2\/users\/1"}],"replies":[{"embeddable":true,"href":"https:\/\/cc-sud.eu\/es\/wp-json\/wp\/v2\/comments?post=20143"}],"version-history":[{"count":10,"href":"https:\/\/cc-sud.eu\/es\/wp-json\/wp\/v2\/pages\/20143\/revisions"}],"predecessor-version":[{"id":20830,"href":"https:\/\/cc-sud.eu\/es\/wp-json\/wp\/v2\/pages\/20143\/revisions\/20830"}],"wp:attachment":[{"href":"https:\/\/cc-sud.eu\/es\/wp-json\/wp\/v2\/media?parent=20143"}],"curies":[{"name":"wp","href":"https:\/\/api.w.org\/{rel}","templated":true}]}}