{"id":19845,"date":"2024-02-22T14:46:13","date_gmt":"2024-02-22T13:46:13","guid":{"rendered":"https:\/\/cc-sud.eu\/instencias-de-trabalho\/"},"modified":"2024-06-28T16:25:27","modified_gmt":"2024-06-28T14:25:27","slug":"instencias-de-trabalho","status":"publish","type":"page","link":"https:\/\/cc-sud.eu\/pt\/instencias-de-trabalho\/","title":{"rendered":"Grupos de trabalho"},"content":{"rendered":"\t\t<div data-elementor-type=\"wp-page\" data-elementor-id=\"19845\" class=\"elementor elementor-19845 elementor-142\" data-elementor-post-type=\"page\">\n\t\t\t\t<div class=\"elementor-element elementor-element-95cf32f enceinte e-flex e-con-boxed e-con e-parent\" data-id=\"95cf32f\" data-element_type=\"container\" data-e-type=\"container\">\n\t\t\t\t\t<div class=\"e-con-inner\">\n\t\t<div class=\"elementor-element elementor-element-86b9c0d e-con-full e-flex e-con e-child\" data-id=\"86b9c0d\" data-element_type=\"container\" data-e-type=\"container\">\n\t\t\t\t<div class=\"elementor-element elementor-element-946f6bf elementor-widget elementor-widget-image\" data-id=\"946f6bf\" data-element_type=\"widget\" data-e-type=\"widget\" data-widget_type=\"image.default\">\n\t\t\t\t<div class=\"elementor-widget-container\">\n\t\t\t\t\t\t\t\t\t\t\t\t\t\t\t<img fetchpriority=\"high\" decoding=\"async\" width=\"890\" height=\"605\" src=\"https:\/\/cc-sud.eu\/wp-content\/uploads\/2024\/04\/groupe-trad-ce709b0c.webp\" class=\"attachment-large size-large wp-image-262\" alt=\"\" srcset=\"https:\/\/cc-sud.eu\/wp-content\/uploads\/2024\/04\/groupe-trad-ce709b0c.webp 890w, https:\/\/cc-sud.eu\/wp-content\/uploads\/2024\/04\/groupe-trad-ce709b0c-300x204.webp 300w, https:\/\/cc-sud.eu\/wp-content\/uploads\/2024\/04\/groupe-trad-ce709b0c-768x522.webp 768w, https:\/\/cc-sud.eu\/wp-content\/uploads\/2024\/04\/groupe-trad-ce709b0c-588x400.webp 588w\" sizes=\"(max-width: 890px) 100vw, 890px\" \/>\t\t\t\t\t\t\t\t\t\t\t\t\t\t\t<\/div>\n\t\t\t\t<\/div>\n\t\t\t\t<div class=\"elementor-element elementor-element-cb5afe1 elementor-widget elementor-widget-heading\" data-id=\"cb5afe1\" data-element_type=\"widget\" data-e-type=\"widget\" data-widget_type=\"heading.default\">\n\t\t\t\t<div class=\"elementor-widget-container\">\n\t\t\t\t\t<h2 class=\"elementor-heading-title elementor-size-default\">Pesca tradicional (TRAD)<\/h2>\t\t\t\t<\/div>\n\t\t\t\t<\/div>\n\t\t\t\t<div class=\"elementor-element elementor-element-cec160e elementor-widget elementor-widget-text-editor\" data-id=\"cec160e\" data-element_type=\"widget\" data-e-type=\"widget\" data-widget_type=\"text-editor.default\">\n\t\t\t\t<div class=\"elementor-widget-container\">\n\t\t\t\t\t\t\t\t\t<p>O grupo \u00e9 presidido por Nicolas Fernandez Mu\u00f1oz (OPP72- Conil), vice-presidido por Francisco P. Rosa (VIANAPESCA &#8211; Portugal), e os seus trabalhos centram-se nas quest\u00f5es espec\u00edficas da pesca artesanal.<\/p><p style=\"text-align: center;\"><a href=\"https:\/\/cc-sud.eu\/pt-pt\/annuaire\/?pays=&amp;group_10=1\" target=\"_blank\" rel=\"noopener\">Ver membros<\/a><\/p>\t\t\t\t\t\t\t\t<\/div>\n\t\t\t\t<\/div>\n\t\t\t\t<\/div>\n\t\t<div class=\"elementor-element elementor-element-39f1e3c e-con-full e-flex e-con e-child\" data-id=\"39f1e3c\" data-element_type=\"container\" data-e-type=\"container\">\n\t\t\t\t<div class=\"elementor-element elementor-element-44e5f7c elementor-widget elementor-widget-image\" data-id=\"44e5f7c\" data-element_type=\"widget\" data-e-type=\"widget\" data-widget_type=\"image.default\">\n\t\t\t\t<div class=\"elementor-widget-container\">\n\t\t\t\t\t\t\t\t\t\t\t\t\t\t\t<img decoding=\"async\" width=\"890\" height=\"605\" src=\"https:\/\/cc-sud.eu\/wp-content\/uploads\/2024\/04\/groupe-pela-d0b8b5ed.webp\" class=\"attachment-large size-large wp-image-258\" alt=\"\" srcset=\"https:\/\/cc-sud.eu\/wp-content\/uploads\/2024\/04\/groupe-pela-d0b8b5ed.webp 890w, https:\/\/cc-sud.eu\/wp-content\/uploads\/2024\/04\/groupe-pela-d0b8b5ed-300x204.webp 300w, https:\/\/cc-sud.eu\/wp-content\/uploads\/2024\/04\/groupe-pela-d0b8b5ed-768x522.webp 768w, https:\/\/cc-sud.eu\/wp-content\/uploads\/2024\/04\/groupe-pela-d0b8b5ed-588x400.webp 588w\" sizes=\"(max-width: 890px) 100vw, 890px\" \/>\t\t\t\t\t\t\t\t\t\t\t\t\t\t\t<\/div>\n\t\t\t\t<\/div>\n\t\t\t\t<div class=\"elementor-element elementor-element-f172a31 elementor-widget elementor-widget-heading\" data-id=\"f172a31\" data-element_type=\"widget\" data-e-type=\"widget\" data-widget_type=\"heading.default\">\n\t\t\t\t<div class=\"elementor-widget-container\">\n\t\t\t\t\t<h2 class=\"elementor-heading-title elementor-size-default\">Esp\u00e9cies pel\u00e1gicas &amp; ICCAT (PELA)<\/h2>\t\t\t\t<\/div>\n\t\t\t\t<\/div>\n\t\t\t\t<div class=\"elementor-element elementor-element-d8ee0ed elementor-widget elementor-widget-text-editor\" data-id=\"d8ee0ed\" data-element_type=\"widget\" data-e-type=\"widget\" data-widget_type=\"text-editor.default\">\n\t\t\t\t<div class=\"elementor-widget-container\">\n\t\t\t\t\t\t\t\t\t<p>Este grupo \u00e9 presidido por Maria Jos\u00e9 Rico (FECOPPAS) e vice-presidido por Serge Larzabal (CNPMEM &#8211; Fran\u00e7a) e \u00e9 respons\u00e1vel por todas as unidades populacionais da coluna de \u00e1gua (atum, biqueir\u00e3o, sardinha, etc.).<\/p><p style=\"text-align: center;\"><a href=\"https:\/\/cc-sud.eu\/pt-pt\/annuaire\/?pays=&amp;group_11=1\" target=\"_blank\" rel=\"noopener\">Ver membros<\/a><\/p>\t\t\t\t\t\t\t\t<\/div>\n\t\t\t\t<\/div>\n\t\t\t\t<\/div>\n\t\t\t\t\t<\/div>\n\t\t\t\t<\/div>\n\t\t<div class=\"elementor-element elementor-element-c4c675d enceinte no-top e-flex e-con-boxed e-con e-parent\" data-id=\"c4c675d\" data-element_type=\"container\" data-e-type=\"container\">\n\t\t\t\t\t<div class=\"e-con-inner\">\n\t\t<div class=\"elementor-element elementor-element-d2f7415 e-con-full e-flex e-con e-child\" data-id=\"d2f7415\" data-element_type=\"container\" data-e-type=\"container\">\n\t\t\t\t<div class=\"elementor-element elementor-element-b27e754 elementor-widget elementor-widget-image\" data-id=\"b27e754\" data-element_type=\"widget\" data-e-type=\"widget\" data-widget_type=\"image.default\">\n\t\t\t\t<div class=\"elementor-widget-container\">\n\t\t\t\t\t\t\t\t\t\t\t\t\t\t\t<img decoding=\"async\" width=\"890\" height=\"605\" src=\"https:\/\/cc-sud.eu\/wp-content\/uploads\/2024\/04\/groupe-VIII-86ac4fe1.webp\" class=\"attachment-large size-large wp-image-266\" alt=\"\" srcset=\"https:\/\/cc-sud.eu\/wp-content\/uploads\/2024\/04\/groupe-VIII-86ac4fe1.webp 890w, https:\/\/cc-sud.eu\/wp-content\/uploads\/2024\/04\/groupe-VIII-86ac4fe1-300x204.webp 300w, https:\/\/cc-sud.eu\/wp-content\/uploads\/2024\/04\/groupe-VIII-86ac4fe1-768x522.webp 768w, https:\/\/cc-sud.eu\/wp-content\/uploads\/2024\/04\/groupe-VIII-86ac4fe1-588x400.webp 588w\" sizes=\"(max-width: 890px) 100vw, 890px\" \/>\t\t\t\t\t\t\t\t\t\t\t\t\t\t\t<\/div>\n\t\t\t\t<\/div>\n\t\t\t\t<div class=\"elementor-element elementor-element-ca2b895 elementor-widget elementor-widget-heading\" data-id=\"ca2b895\" data-element_type=\"widget\" data-e-type=\"widget\" data-widget_type=\"heading.default\">\n\t\t\t\t<div class=\"elementor-widget-container\">\n\t\t\t\t\t<h2 class=\"elementor-heading-title elementor-size-default\">Esp\u00e9cies demersais &amp; bent\u00f3nicas VIII e IX<\/h2>\t\t\t\t<\/div>\n\t\t\t\t<\/div>\n\t\t\t\t<div class=\"elementor-element elementor-element-bf89b78 elementor-widget elementor-widget-text-editor\" data-id=\"bf89b78\" data-element_type=\"widget\" data-e-type=\"widget\" data-widget_type=\"text-editor.default\">\n\t\t\t\t<div class=\"elementor-widget-container\">\n\t\t\t\t\t\t\t\t\t<p>Este grupo, presidido por Serge Larzabal (CNPMEM) e vice-presidido por Francisco Teijeira (Asso Armad Marin &#8211; Espanha), trata de todas as quest\u00f5es relacionadas com a fixa\u00e7\u00e3o das possibilidades de pesca de unidades populacionais importantes (linguado, pescada, tamboril) e com o modo de explora\u00e7\u00e3o (medidas t\u00e9cnicas, etc.).<\/p><p style=\"text-align: center;\"><a href=\"https:\/\/cc-sud.eu\/pt-pt\/annuaire\/?pays=&amp;group_13=1\" target=\"_blank\" rel=\"noopener\">Ver membros<\/a><\/p>\t\t\t\t\t\t\t\t<\/div>\n\t\t\t\t<\/div>\n\t\t\t\t<\/div>\n\t\t<div class=\"elementor-element elementor-element-cebe417 e-con-full e-flex e-con e-child\" data-id=\"cebe417\" data-element_type=\"container\" data-e-type=\"container\" data-settings=\"{&quot;background_background&quot;:&quot;classic&quot;}\">\n\t\t\t\t<div class=\"elementor-element elementor-element-1bbde0d elementor-widget elementor-widget-image\" data-id=\"1bbde0d\" data-element_type=\"widget\" data-e-type=\"widget\" data-widget_type=\"image.default\">\n\t\t\t\t<div class=\"elementor-widget-container\">\n\t\t\t\t\t\t\t\t\t\t\t\t\t\t\t<img loading=\"lazy\" decoding=\"async\" width=\"890\" height=\"605\" src=\"https:\/\/cc-sud.eu\/wp-content\/uploads\/2024\/04\/groupe-comex-29beb69f.webp\" class=\"attachment-large size-large wp-image-254\" alt=\"\" srcset=\"https:\/\/cc-sud.eu\/wp-content\/uploads\/2024\/04\/groupe-comex-29beb69f.webp 890w, https:\/\/cc-sud.eu\/wp-content\/uploads\/2024\/04\/groupe-comex-29beb69f-300x204.webp 300w, https:\/\/cc-sud.eu\/wp-content\/uploads\/2024\/04\/groupe-comex-29beb69f-768x522.webp 768w, https:\/\/cc-sud.eu\/wp-content\/uploads\/2024\/04\/groupe-comex-29beb69f-588x400.webp 588w\" sizes=\"(max-width: 890px) 100vw, 890px\" \/>\t\t\t\t\t\t\t\t\t\t\t\t\t\t\t<\/div>\n\t\t\t\t<\/div>\n\t\t\t\t<div class=\"elementor-element elementor-element-25fad5e elementor-widget elementor-widget-heading\" data-id=\"25fad5e\" data-element_type=\"widget\" data-e-type=\"widget\" data-widget_type=\"heading.default\">\n\t\t\t\t<div class=\"elementor-widget-container\">\n\t\t\t\t\t<h2 class=\"elementor-heading-title elementor-size-default\">Comit\u00e9 Ejecutivo (COMEX)<\/h2>\t\t\t\t<\/div>\n\t\t\t\t<\/div>\n\t\t\t\t<div class=\"elementor-element elementor-element-8e61c76 elementor-widget elementor-widget-text-editor\" data-id=\"8e61c76\" data-element_type=\"widget\" data-e-type=\"widget\" data-widget_type=\"text-editor.default\">\n\t\t\t\t<div class=\"elementor-widget-container\">\n\t\t\t\t\t\t\t\t\t<p>O Comit\u00e9 Executivo do CC Sud \u00e9 presidido por Sergio Lopez (OPP BURELA), 1\u00ba Vice-Presidente: Humberto JORGE (ANOPCERCO). De acordo com os estatutos, este \u00f3rg\u00e3o de trabalho \u00e9 o \u00f3rg\u00e3o representativo que gere e representa os interesses do CC Sud.<\/p><p style=\"text-align: center;\"><a href=\"https:\/\/cc-sud.eu\/pt-pt\/annuaire\/?pays=&amp;group_12=1\" target=\"_blank\" rel=\"noopener\">Ver membros<\/a><\/p>\t\t\t\t\t\t\t\t<\/div>\n\t\t\t\t<\/div>\n\t\t\t\t<\/div>\n\t\t\t\t\t<\/div>\n\t\t\t\t<\/div>\n\t\t<div class=\"elementor-element elementor-element-0c3463f enceinte e-flex e-con-boxed e-con e-parent\" data-id=\"0c3463f\" data-element_type=\"container\" data-e-type=\"container\">\n\t\t\t\t\t<div class=\"e-con-inner\">\n\t\t\t\t<div class=\"elementor-element elementor-element-d9975ff elementor-align-center elementor-widget elementor-widget-button\" data-id=\"d9975ff\" data-element_type=\"widget\" data-e-type=\"widget\" data-widget_type=\"button.default\">\n\t\t\t\t<div class=\"elementor-widget-container\">\n\t\t\t\t\t\t\t\t\t<div class=\"elementor-button-wrapper\">\n\t\t\t\t\t<a class=\"elementor-button elementor-button-link elementor-size-sm\" href=\"https:\/\/cc-sud.eu\/pt-pt\/annuaire\/?pays=&#038;group_1=1\" target=\"_blank\">\n\t\t\t\t\t\t<span class=\"elementor-button-content-wrapper\">\n\t\t\t\t\t\t\t\t\t<span class=\"elementor-button-text\">Ver a assembleia geral<\/span>\n\t\t\t\t\t<\/span>\n\t\t\t\t\t<\/a>\n\t\t\t\t<\/div>\n\t\t\t\t\t\t\t\t<\/div>\n\t\t\t\t<\/div>\n\t\t\t\t\t<\/div>\n\t\t\t\t<\/div>\n\t\t\t\t<\/div>\n\t\t","protected":false},"excerpt":{"rendered":"<p>Pesca tradicional (TRAD) O grupo \u00e9 presidido por Nicolas Fernandez&hellip;<\/p>\n","protected":false},"author":1,"featured_media":0,"parent":0,"menu_order":0,"comment_status":"closed","ping_status":"closed","template":"","meta":{"_acf_changed":false,"footnotes":""},"class_list":["post-19845","page","type-page","status-publish","hentry"],"acf":[],"yoast_head":"<!-- This site is optimized with the Yoast SEO plugin v27.3 - https:\/\/yoast.com\/product\/yoast-seo-wordpress\/ -->\n<title>Grupos de trabalho - CC Sud<\/title>\n<meta name=\"robots\" content=\"index, follow, max-snippet:-1, max-image-preview:large, max-video-preview:-1\" \/>\n<link rel=\"canonical\" href=\"https:\/\/cc-sud.eu\/pt\/instencias-de-trabalho\/\" \/>\n<meta property=\"og:locale\" content=\"pt_PT\" \/>\n<meta property=\"og:type\" content=\"article\" \/>\n<meta property=\"og:title\" content=\"Grupos de trabalho - CC Sud\" \/>\n<meta property=\"og:description\" content=\"Pesca tradicional (TRAD) O grupo \u00e9 presidido por Nicolas Fernandez&hellip;\" \/>\n<meta property=\"og:url\" content=\"https:\/\/cc-sud.eu\/pt\/instencias-de-trabalho\/\" \/>\n<meta property=\"og:site_name\" content=\"CC Sud\" \/>\n<meta property=\"article:modified_time\" content=\"2024-06-28T14:25:27+00:00\" \/>\n<meta property=\"og:image\" content=\"https:\/\/cc-sud.eu\/wp-content\/uploads\/2024\/04\/groupe-trad-ce709b0c.webp\" \/>\n<meta name=\"twitter:card\" content=\"summary_large_image\" \/>\n<meta name=\"twitter:label1\" content=\"Tempo estimado de leitura\" \/>\n\t<meta name=\"twitter:data1\" content=\"2 minutos\" \/>\n<script type=\"application\/ld+json\" class=\"yoast-schema-graph\">{\"@context\":\"https:\\\/\\\/schema.org\",\"@graph\":[{\"@type\":\"WebPage\",\"@id\":\"https:\\\/\\\/cc-sud.eu\\\/pt\\\/instencias-de-trabalho\\\/\",\"url\":\"https:\\\/\\\/cc-sud.eu\\\/pt\\\/instencias-de-trabalho\\\/\",\"name\":\"Grupos de trabalho - CC Sud\",\"isPartOf\":{\"@id\":\"https:\\\/\\\/cc-sud.eu\\\/pt\\\/#website\"},\"primaryImageOfPage\":{\"@id\":\"https:\\\/\\\/cc-sud.eu\\\/pt\\\/instencias-de-trabalho\\\/#primaryimage\"},\"image\":{\"@id\":\"https:\\\/\\\/cc-sud.eu\\\/pt\\\/instencias-de-trabalho\\\/#primaryimage\"},\"thumbnailUrl\":\"https:\\\/\\\/cc-sud.eu\\\/wp-content\\\/uploads\\\/2024\\\/04\\\/groupe-trad-ce709b0c.webp\",\"datePublished\":\"2024-02-22T13:46:13+00:00\",\"dateModified\":\"2024-06-28T14:25:27+00:00\",\"breadcrumb\":{\"@id\":\"https:\\\/\\\/cc-sud.eu\\\/pt\\\/instencias-de-trabalho\\\/#breadcrumb\"},\"inLanguage\":\"pt-PT\",\"potentialAction\":[{\"@type\":\"ReadAction\",\"target\":[\"https:\\\/\\\/cc-sud.eu\\\/pt\\\/instencias-de-trabalho\\\/\"]}]},{\"@type\":\"ImageObject\",\"inLanguage\":\"pt-PT\",\"@id\":\"https:\\\/\\\/cc-sud.eu\\\/pt\\\/instencias-de-trabalho\\\/#primaryimage\",\"url\":\"https:\\\/\\\/cc-sud.eu\\\/wp-content\\\/uploads\\\/2024\\\/04\\\/groupe-trad-ce709b0c.webp\",\"contentUrl\":\"https:\\\/\\\/cc-sud.eu\\\/wp-content\\\/uploads\\\/2024\\\/04\\\/groupe-trad-ce709b0c.webp\"},{\"@type\":\"BreadcrumbList\",\"@id\":\"https:\\\/\\\/cc-sud.eu\\\/pt\\\/instencias-de-trabalho\\\/#breadcrumb\",\"itemListElement\":[{\"@type\":\"ListItem\",\"position\":1,\"name\":\"CC Sud\",\"item\":\"https:\\\/\\\/cc-sud.eu\\\/pt\\\/\"},{\"@type\":\"ListItem\",\"position\":2,\"name\":\"Grupos de trabalho\"}]},{\"@type\":\"WebSite\",\"@id\":\"https:\\\/\\\/cc-sud.eu\\\/pt\\\/#website\",\"url\":\"https:\\\/\\\/cc-sud.eu\\\/pt\\\/\",\"name\":\"CC Sud\",\"description\":\"\",\"publisher\":{\"@id\":\"https:\\\/\\\/cc-sud.eu\\\/pt\\\/#organization\"},\"potentialAction\":[{\"@type\":\"SearchAction\",\"target\":{\"@type\":\"EntryPoint\",\"urlTemplate\":\"https:\\\/\\\/cc-sud.eu\\\/pt\\\/?s={search_term_string}\"},\"query-input\":{\"@type\":\"PropertyValueSpecification\",\"valueRequired\":true,\"valueName\":\"search_term_string\"}}],\"inLanguage\":\"pt-PT\"},{\"@type\":\"Organization\",\"@id\":\"https:\\\/\\\/cc-sud.eu\\\/pt\\\/#organization\",\"name\":\"CC Sud\",\"url\":\"https:\\\/\\\/cc-sud.eu\\\/pt\\\/\",\"logo\":{\"@type\":\"ImageObject\",\"inLanguage\":\"pt-PT\",\"@id\":\"https:\\\/\\\/cc-sud.eu\\\/pt\\\/#\\\/schema\\\/logo\\\/image\\\/\",\"url\":\"https:\\\/\\\/cc-sud.eu\\\/wp-content\\\/uploads\\\/2024\\\/02\\\/logo.svg\",\"contentUrl\":\"https:\\\/\\\/cc-sud.eu\\\/wp-content\\\/uploads\\\/2024\\\/02\\\/logo.svg\",\"width\":198,\"height\":60,\"caption\":\"CC Sud\"},\"image\":{\"@id\":\"https:\\\/\\\/cc-sud.eu\\\/pt\\\/#\\\/schema\\\/logo\\\/image\\\/\"}}]}<\/script>\n<!-- \/ Yoast SEO plugin. -->","yoast_head_json":{"title":"Grupos de trabalho - CC Sud","robots":{"index":"index","follow":"follow","max-snippet":"max-snippet:-1","max-image-preview":"max-image-preview:large","max-video-preview":"max-video-preview:-1"},"canonical":"https:\/\/cc-sud.eu\/pt\/instencias-de-trabalho\/","og_locale":"pt_PT","og_type":"article","og_title":"Grupos de trabalho - CC Sud","og_description":"Pesca tradicional (TRAD) O grupo \u00e9 presidido por Nicolas Fernandez&hellip;","og_url":"https:\/\/cc-sud.eu\/pt\/instencias-de-trabalho\/","og_site_name":"CC Sud","article_modified_time":"2024-06-28T14:25:27+00:00","og_image":[{"url":"https:\/\/cc-sud.eu\/wp-content\/uploads\/2024\/04\/groupe-trad-ce709b0c.webp","type":"","width":"","height":""}],"twitter_card":"summary_large_image","twitter_misc":{"Tempo estimado de leitura":"2 minutos"},"schema":{"@context":"https:\/\/schema.org","@graph":[{"@type":"WebPage","@id":"https:\/\/cc-sud.eu\/pt\/instencias-de-trabalho\/","url":"https:\/\/cc-sud.eu\/pt\/instencias-de-trabalho\/","name":"Grupos de trabalho - CC Sud","isPartOf":{"@id":"https:\/\/cc-sud.eu\/pt\/#website"},"primaryImageOfPage":{"@id":"https:\/\/cc-sud.eu\/pt\/instencias-de-trabalho\/#primaryimage"},"image":{"@id":"https:\/\/cc-sud.eu\/pt\/instencias-de-trabalho\/#primaryimage"},"thumbnailUrl":"https:\/\/cc-sud.eu\/wp-content\/uploads\/2024\/04\/groupe-trad-ce709b0c.webp","datePublished":"2024-02-22T13:46:13+00:00","dateModified":"2024-06-28T14:25:27+00:00","breadcrumb":{"@id":"https:\/\/cc-sud.eu\/pt\/instencias-de-trabalho\/#breadcrumb"},"inLanguage":"pt-PT","potentialAction":[{"@type":"ReadAction","target":["https:\/\/cc-sud.eu\/pt\/instencias-de-trabalho\/"]}]},{"@type":"ImageObject","inLanguage":"pt-PT","@id":"https:\/\/cc-sud.eu\/pt\/instencias-de-trabalho\/#primaryimage","url":"https:\/\/cc-sud.eu\/wp-content\/uploads\/2024\/04\/groupe-trad-ce709b0c.webp","contentUrl":"https:\/\/cc-sud.eu\/wp-content\/uploads\/2024\/04\/groupe-trad-ce709b0c.webp"},{"@type":"BreadcrumbList","@id":"https:\/\/cc-sud.eu\/pt\/instencias-de-trabalho\/#breadcrumb","itemListElement":[{"@type":"ListItem","position":1,"name":"CC Sud","item":"https:\/\/cc-sud.eu\/pt\/"},{"@type":"ListItem","position":2,"name":"Grupos de trabalho"}]},{"@type":"WebSite","@id":"https:\/\/cc-sud.eu\/pt\/#website","url":"https:\/\/cc-sud.eu\/pt\/","name":"CC Sud","description":"","publisher":{"@id":"https:\/\/cc-sud.eu\/pt\/#organization"},"potentialAction":[{"@type":"SearchAction","target":{"@type":"EntryPoint","urlTemplate":"https:\/\/cc-sud.eu\/pt\/?s={search_term_string}"},"query-input":{"@type":"PropertyValueSpecification","valueRequired":true,"valueName":"search_term_string"}}],"inLanguage":"pt-PT"},{"@type":"Organization","@id":"https:\/\/cc-sud.eu\/pt\/#organization","name":"CC Sud","url":"https:\/\/cc-sud.eu\/pt\/","logo":{"@type":"ImageObject","inLanguage":"pt-PT","@id":"https:\/\/cc-sud.eu\/pt\/#\/schema\/logo\/image\/","url":"https:\/\/cc-sud.eu\/wp-content\/uploads\/2024\/02\/logo.svg","contentUrl":"https:\/\/cc-sud.eu\/wp-content\/uploads\/2024\/02\/logo.svg","width":198,"height":60,"caption":"CC Sud"},"image":{"@id":"https:\/\/cc-sud.eu\/pt\/#\/schema\/logo\/image\/"}}]}},"_links":{"self":[{"href":"https:\/\/cc-sud.eu\/pt\/wp-json\/wp\/v2\/pages\/19845","targetHints":{"allow":["GET"]}}],"collection":[{"href":"https:\/\/cc-sud.eu\/pt\/wp-json\/wp\/v2\/pages"}],"about":[{"href":"https:\/\/cc-sud.eu\/pt\/wp-json\/wp\/v2\/types\/page"}],"author":[{"embeddable":true,"href":"https:\/\/cc-sud.eu\/pt\/wp-json\/wp\/v2\/users\/1"}],"replies":[{"embeddable":true,"href":"https:\/\/cc-sud.eu\/pt\/wp-json\/wp\/v2\/comments?post=19845"}],"version-history":[{"count":9,"href":"https:\/\/cc-sud.eu\/pt\/wp-json\/wp\/v2\/pages\/19845\/revisions"}],"predecessor-version":[{"id":20740,"href":"https:\/\/cc-sud.eu\/pt\/wp-json\/wp\/v2\/pages\/19845\/revisions\/20740"}],"wp:attachment":[{"href":"https:\/\/cc-sud.eu\/pt\/wp-json\/wp\/v2\/media?parent=19845"}],"curies":[{"name":"wp","href":"https:\/\/api.w.org\/{rel}","templated":true}]}}