{"id":20133,"date":"2024-05-21T11:46:55","date_gmt":"2024-05-21T09:46:55","guid":{"rendered":"https:\/\/cc-sud.eu\/regulamentos-de-referencia\/"},"modified":"2024-07-10T12:25:06","modified_gmt":"2024-07-10T10:25:06","slug":"regulamentos-de-referencia","status":"publish","type":"page","link":"https:\/\/cc-sud.eu\/pt\/regulamentos-de-referencia\/","title":{"rendered":"Regulamentos de refer\u00eancia"},"content":{"rendered":"\t\t<div data-elementor-type=\"wp-page\" data-elementor-id=\"20133\" class=\"elementor elementor-20133 elementor-19720\" data-elementor-post-type=\"page\">\n\t\t\t\t<div class=\"elementor-element elementor-element-3ba529a e-flex e-con-boxed e-con e-parent\" data-id=\"3ba529a\" data-element_type=\"container\" data-e-type=\"container\">\n\t\t\t\t\t<div class=\"e-con-inner\">\n\t\t\t\t<div class=\"elementor-element elementor-element-0bbfff7 elementor-widget elementor-widget-heading\" data-id=\"0bbfff7\" data-element_type=\"widget\" data-e-type=\"widget\" data-widget_type=\"heading.default\">\n\t\t\t\t<div class=\"elementor-widget-container\">\n\t\t\t\t\t<h2 class=\"elementor-heading-title elementor-size-default\">O CC SUL POE A SUA DISPOSI\u00c7\u00c3O OS PRINCIPAIS REGULAMENTOS COMUNIT\u00c1RIOS RELATIVOS \u00c0 GEST\u00c3O DAS PESCARIAS<\/h2>\t\t\t\t<\/div>\n\t\t\t\t<\/div>\n\t\t\t\t\t<\/div>\n\t\t\t\t<\/div>\n\t\t<div class=\"elementor-element elementor-element-f6ef47b e-flex e-con-boxed e-con e-parent\" data-id=\"f6ef47b\" data-element_type=\"container\" data-e-type=\"container\">\n\t\t\t\t\t<div class=\"e-con-inner\">\n\t\t\t\t<div class=\"elementor-element elementor-element-757809f elementor-widget elementor-widget-toggle\" data-id=\"757809f\" data-element_type=\"widget\" data-e-type=\"widget\" data-widget_type=\"toggle.default\">\n\t\t\t\t<div class=\"elementor-widget-container\">\n\t\t\t\t\t\t\t<div class=\"elementor-toggle\">\n\t\t\t\t\t\t\t<div class=\"elementor-toggle-item\">\n\t\t\t\t\t<div id=\"elementor-tab-title-1231\" class=\"elementor-tab-title\" data-tab=\"1\" role=\"button\" aria-controls=\"elementor-tab-content-1231\" aria-expanded=\"false\">\n\t\t\t\t\t\t\t\t\t\t\t\t<span class=\"elementor-toggle-icon elementor-toggle-icon-right\" aria-hidden=\"true\">\n\t\t\t\t\t\t\t\t\t\t\t\t\t\t\t<span class=\"elementor-toggle-icon-closed\"><svg class=\"e-font-icon-svg e-fas-chevron-up\" viewBox=\"0 0 448 512\" xmlns=\"http:\/\/www.w3.org\/2000\/svg\"><path d=\"M240.971 130.524l194.343 194.343c9.373 9.373 9.373 24.569 0 33.941l-22.667 22.667c-9.357 9.357-24.522 9.375-33.901.04L224 227.495 69.255 381.516c-9.379 9.335-24.544 9.317-33.901-.04l-22.667-22.667c-9.373-9.373-9.373-24.569 0-33.941L207.03 130.525c9.372-9.373 24.568-9.373 33.941-.001z\"><\/path><\/svg><\/span>\n\t\t\t\t\t\t\t\t<span class=\"elementor-toggle-icon-opened\"><svg class=\"elementor-toggle-icon-opened e-font-icon-svg e-fas-chevron-down\" viewBox=\"0 0 448 512\" xmlns=\"http:\/\/www.w3.org\/2000\/svg\"><path d=\"M207.029 381.476L12.686 187.132c-9.373-9.373-9.373-24.569 0-33.941l22.667-22.667c9.357-9.357 24.522-9.375 33.901-.04L224 284.505l154.745-154.021c9.379-9.335 24.544-9.317 33.901.04l22.667 22.667c9.373 9.373 9.373 24.569 0 33.941L240.971 381.476c-9.373 9.372-24.569 9.372-33.942 0z\"><\/path><\/svg><\/span>\n\t\t\t\t\t\t\t\t\t\t\t\t\t<\/span>\n\t\t\t\t\t\t\t\t\t\t\t\t<a class=\"elementor-toggle-title\" tabindex=\"0\">Plano rejei\u00e7\u00f5es 2024-2027<\/a>\n\t\t\t\t\t<\/div>\n\n\t\t\t\t\t<div id=\"elementor-tab-content-1231\" class=\"elementor-tab-content elementor-clearfix\" data-tab=\"1\" role=\"region\" aria-labelledby=\"elementor-tab-title-1231\"><p><a href=\"https:\/\/cc-sud.eu\/wp-content\/uploads\/2024\/07\/OD_PT_TXT.pdf\" target=\"_blank\" rel=\"noopener\">Descarregar o PDF<\/a><\/p><\/div>\n\t\t\t\t<\/div>\n\t\t\t\t\t\t\t<div class=\"elementor-toggle-item\">\n\t\t\t\t\t<div id=\"elementor-tab-title-1232\" class=\"elementor-tab-title\" data-tab=\"2\" role=\"button\" aria-controls=\"elementor-tab-content-1232\" aria-expanded=\"false\">\n\t\t\t\t\t\t\t\t\t\t\t\t<span class=\"elementor-toggle-icon elementor-toggle-icon-right\" aria-hidden=\"true\">\n\t\t\t\t\t\t\t\t\t\t\t\t\t\t\t<span class=\"elementor-toggle-icon-closed\"><svg class=\"e-font-icon-svg e-fas-chevron-up\" viewBox=\"0 0 448 512\" xmlns=\"http:\/\/www.w3.org\/2000\/svg\"><path d=\"M240.971 130.524l194.343 194.343c9.373 9.373 9.373 24.569 0 33.941l-22.667 22.667c-9.357 9.357-24.522 9.375-33.901.04L224 227.495 69.255 381.516c-9.379 9.335-24.544 9.317-33.901-.04l-22.667-22.667c-9.373-9.373-9.373-24.569 0-33.941L207.03 130.525c9.372-9.373 24.568-9.373 33.941-.001z\"><\/path><\/svg><\/span>\n\t\t\t\t\t\t\t\t<span class=\"elementor-toggle-icon-opened\"><svg class=\"elementor-toggle-icon-opened e-font-icon-svg e-fas-chevron-down\" viewBox=\"0 0 448 512\" xmlns=\"http:\/\/www.w3.org\/2000\/svg\"><path d=\"M207.029 381.476L12.686 187.132c-9.373-9.373-9.373-24.569 0-33.941l22.667-22.667c9.357-9.357 24.522-9.375 33.901-.04L224 284.505l154.745-154.021c9.379-9.335 24.544-9.317 33.901.04l22.667 22.667c9.373 9.373 9.373 24.569 0 33.941L240.971 381.476c-9.373 9.372-24.569 9.372-33.942 0z\"><\/path><\/svg><\/span>\n\t\t\t\t\t\t\t\t\t\t\t\t\t<\/span>\n\t\t\t\t\t\t\t\t\t\t\t\t<a class=\"elementor-toggle-title\" tabindex=\"0\">Regulamento controlo<\/a>\n\t\t\t\t\t<\/div>\n\n\t\t\t\t\t<div id=\"elementor-tab-content-1232\" class=\"elementor-tab-content elementor-clearfix\" data-tab=\"2\" role=\"region\" aria-labelledby=\"elementor-tab-title-1232\"><p><a href=\"https:\/\/cc-sud.eu\/wp-content\/uploads\/2024\/07\/Controlo_PT_TXT.pdf\" target=\"_blank\" rel=\"noopener\">Descarregar o PDF<\/a><\/p><\/div>\n\t\t\t\t<\/div>\n\t\t\t\t\t\t\t<div class=\"elementor-toggle-item\">\n\t\t\t\t\t<div id=\"elementor-tab-title-1233\" class=\"elementor-tab-title\" data-tab=\"3\" role=\"button\" aria-controls=\"elementor-tab-content-1233\" aria-expanded=\"false\">\n\t\t\t\t\t\t\t\t\t\t\t\t<span class=\"elementor-toggle-icon elementor-toggle-icon-right\" aria-hidden=\"true\">\n\t\t\t\t\t\t\t\t\t\t\t\t\t\t\t<span class=\"elementor-toggle-icon-closed\"><svg class=\"e-font-icon-svg e-fas-chevron-up\" viewBox=\"0 0 448 512\" xmlns=\"http:\/\/www.w3.org\/2000\/svg\"><path d=\"M240.971 130.524l194.343 194.343c9.373 9.373 9.373 24.569 0 33.941l-22.667 22.667c-9.357 9.357-24.522 9.375-33.901.04L224 227.495 69.255 381.516c-9.379 9.335-24.544 9.317-33.901-.04l-22.667-22.667c-9.373-9.373-9.373-24.569 0-33.941L207.03 130.525c9.372-9.373 24.568-9.373 33.941-.001z\"><\/path><\/svg><\/span>\n\t\t\t\t\t\t\t\t<span class=\"elementor-toggle-icon-opened\"><svg class=\"elementor-toggle-icon-opened e-font-icon-svg e-fas-chevron-down\" viewBox=\"0 0 448 512\" xmlns=\"http:\/\/www.w3.org\/2000\/svg\"><path d=\"M207.029 381.476L12.686 187.132c-9.373-9.373-9.373-24.569 0-33.941l22.667-22.667c9.357-9.357 24.522-9.375 33.901-.04L224 284.505l154.745-154.021c9.379-9.335 24.544-9.317 33.901.04l22.667 22.667c9.373 9.373 9.373 24.569 0 33.941L240.971 381.476c-9.373 9.372-24.569 9.372-33.942 0z\"><\/path><\/svg><\/span>\n\t\t\t\t\t\t\t\t\t\t\t\t\t<\/span>\n\t\t\t\t\t\t\t\t\t\t\t\t<a class=\"elementor-toggle-title\" tabindex=\"0\">O Regulamento relativo \u00e0s medidas t\u00e9cnicas<\/a>\n\t\t\t\t\t<\/div>\n\n\t\t\t\t\t<div id=\"elementor-tab-content-1233\" class=\"elementor-tab-content elementor-clearfix\" data-tab=\"3\" role=\"region\" aria-labelledby=\"elementor-tab-title-1233\"><p><a href=\"https:\/\/cc-sud.eu\/wp-content\/uploads\/2024\/07\/Mesures-tech_PT_TXT.pdf\" target=\"_blank\" rel=\"noopener\">Descarregar o PDF<\/a><\/p><\/div>\n\t\t\t\t<\/div>\n\t\t\t\t\t\t\t<div class=\"elementor-toggle-item\">\n\t\t\t\t\t<div id=\"elementor-tab-title-1234\" class=\"elementor-tab-title\" data-tab=\"4\" role=\"button\" aria-controls=\"elementor-tab-content-1234\" aria-expanded=\"false\">\n\t\t\t\t\t\t\t\t\t\t\t\t<span class=\"elementor-toggle-icon elementor-toggle-icon-right\" aria-hidden=\"true\">\n\t\t\t\t\t\t\t\t\t\t\t\t\t\t\t<span class=\"elementor-toggle-icon-closed\"><svg class=\"e-font-icon-svg e-fas-chevron-up\" viewBox=\"0 0 448 512\" xmlns=\"http:\/\/www.w3.org\/2000\/svg\"><path d=\"M240.971 130.524l194.343 194.343c9.373 9.373 9.373 24.569 0 33.941l-22.667 22.667c-9.357 9.357-24.522 9.375-33.901.04L224 227.495 69.255 381.516c-9.379 9.335-24.544 9.317-33.901-.04l-22.667-22.667c-9.373-9.373-9.373-24.569 0-33.941L207.03 130.525c9.372-9.373 24.568-9.373 33.941-.001z\"><\/path><\/svg><\/span>\n\t\t\t\t\t\t\t\t<span class=\"elementor-toggle-icon-opened\"><svg class=\"elementor-toggle-icon-opened e-font-icon-svg e-fas-chevron-down\" viewBox=\"0 0 448 512\" xmlns=\"http:\/\/www.w3.org\/2000\/svg\"><path d=\"M207.029 381.476L12.686 187.132c-9.373-9.373-9.373-24.569 0-33.941l22.667-22.667c9.357-9.357 24.522-9.375 33.901-.04L224 284.505l154.745-154.021c9.379-9.335 24.544-9.317 33.901.04l22.667 22.667c9.373 9.373 9.373 24.569 0 33.941L240.971 381.476c-9.373 9.372-24.569 9.372-33.942 0z\"><\/path><\/svg><\/span>\n\t\t\t\t\t\t\t\t\t\t\t\t\t<\/span>\n\t\t\t\t\t\t\t\t\t\t\t\t<a class=\"elementor-toggle-title\" tabindex=\"0\">Regulamento sobre o FEAMP<\/a>\n\t\t\t\t\t<\/div>\n\n\t\t\t\t\t<div id=\"elementor-tab-content-1234\" class=\"elementor-tab-content elementor-clearfix\" data-tab=\"4\" role=\"region\" aria-labelledby=\"elementor-tab-title-1234\"><p><a href=\"https:\/\/cc-sud.eu\/wp-content\/uploads\/2024\/07\/FEAMPA_PT_TXT.pdf\" target=\"_blank\" rel=\"noopener\">Descarregar o PDF<\/a><\/p><\/div>\n\t\t\t\t<\/div>\n\t\t\t\t\t\t\t<div class=\"elementor-toggle-item\">\n\t\t\t\t\t<div id=\"elementor-tab-title-1235\" class=\"elementor-tab-title\" data-tab=\"5\" role=\"button\" aria-controls=\"elementor-tab-content-1235\" aria-expanded=\"false\">\n\t\t\t\t\t\t\t\t\t\t\t\t<span class=\"elementor-toggle-icon elementor-toggle-icon-right\" aria-hidden=\"true\">\n\t\t\t\t\t\t\t\t\t\t\t\t\t\t\t<span class=\"elementor-toggle-icon-closed\"><svg class=\"e-font-icon-svg e-fas-chevron-up\" viewBox=\"0 0 448 512\" xmlns=\"http:\/\/www.w3.org\/2000\/svg\"><path d=\"M240.971 130.524l194.343 194.343c9.373 9.373 9.373 24.569 0 33.941l-22.667 22.667c-9.357 9.357-24.522 9.375-33.901.04L224 227.495 69.255 381.516c-9.379 9.335-24.544 9.317-33.901-.04l-22.667-22.667c-9.373-9.373-9.373-24.569 0-33.941L207.03 130.525c9.372-9.373 24.568-9.373 33.941-.001z\"><\/path><\/svg><\/span>\n\t\t\t\t\t\t\t\t<span class=\"elementor-toggle-icon-opened\"><svg class=\"elementor-toggle-icon-opened e-font-icon-svg e-fas-chevron-down\" viewBox=\"0 0 448 512\" xmlns=\"http:\/\/www.w3.org\/2000\/svg\"><path d=\"M207.029 381.476L12.686 187.132c-9.373-9.373-9.373-24.569 0-33.941l22.667-22.667c9.357-9.357 24.522-9.375 33.901-.04L224 284.505l154.745-154.021c9.379-9.335 24.544-9.317 33.901.04l22.667 22.667c9.373 9.373 9.373 24.569 0 33.941L240.971 381.476c-9.373 9.372-24.569 9.372-33.942 0z\"><\/path><\/svg><\/span>\n\t\t\t\t\t\t\t\t\t\t\t\t\t<\/span>\n\t\t\t\t\t\t\t\t\t\t\t\t<a class=\"elementor-toggle-title\" tabindex=\"0\">Acto delegado sobre o funcionamento dos CC<\/a>\n\t\t\t\t\t<\/div>\n\n\t\t\t\t\t<div id=\"elementor-tab-content-1235\" class=\"elementor-tab-content elementor-clearfix\" data-tab=\"5\" role=\"region\" aria-labelledby=\"elementor-tab-title-1235\"><p><a href=\"https:\/\/cc-sud.eu\/wp-content\/uploads\/2024\/07\/acte-delegue_PT_TXT.pdf\" target=\"_blank\" rel=\"noopener\">Descarregar o PDF<\/a><\/p><\/div>\n\t\t\t\t<\/div>\n\t\t\t\t\t\t\t<div class=\"elementor-toggle-item\">\n\t\t\t\t\t<div id=\"elementor-tab-title-1236\" class=\"elementor-tab-title\" data-tab=\"6\" role=\"button\" aria-controls=\"elementor-tab-content-1236\" aria-expanded=\"false\">\n\t\t\t\t\t\t\t\t\t\t\t\t<span class=\"elementor-toggle-icon elementor-toggle-icon-right\" aria-hidden=\"true\">\n\t\t\t\t\t\t\t\t\t\t\t\t\t\t\t<span class=\"elementor-toggle-icon-closed\"><svg class=\"e-font-icon-svg e-fas-chevron-up\" viewBox=\"0 0 448 512\" xmlns=\"http:\/\/www.w3.org\/2000\/svg\"><path d=\"M240.971 130.524l194.343 194.343c9.373 9.373 9.373 24.569 0 33.941l-22.667 22.667c-9.357 9.357-24.522 9.375-33.901.04L224 227.495 69.255 381.516c-9.379 9.335-24.544 9.317-33.901-.04l-22.667-22.667c-9.373-9.373-9.373-24.569 0-33.941L207.03 130.525c9.372-9.373 24.568-9.373 33.941-.001z\"><\/path><\/svg><\/span>\n\t\t\t\t\t\t\t\t<span class=\"elementor-toggle-icon-opened\"><svg class=\"elementor-toggle-icon-opened e-font-icon-svg e-fas-chevron-down\" viewBox=\"0 0 448 512\" xmlns=\"http:\/\/www.w3.org\/2000\/svg\"><path d=\"M207.029 381.476L12.686 187.132c-9.373-9.373-9.373-24.569 0-33.941l22.667-22.667c9.357-9.357 24.522-9.375 33.901-.04L224 284.505l154.745-154.021c9.379-9.335 24.544-9.317 33.901.04l22.667 22.667c9.373 9.373 9.373 24.569 0 33.941L240.971 381.476c-9.373 9.372-24.569 9.372-33.942 0z\"><\/path><\/svg><\/span>\n\t\t\t\t\t\t\t\t\t\t\t\t\t<\/span>\n\t\t\t\t\t\t\t\t\t\t\t\t<a class=\"elementor-toggle-title\" tabindex=\"0\">Politica pesqueira comun<\/a>\n\t\t\t\t\t<\/div>\n\n\t\t\t\t\t<div id=\"elementor-tab-content-1236\" class=\"elementor-tab-content elementor-clearfix\" data-tab=\"6\" role=\"region\" aria-labelledby=\"elementor-tab-title-1236\"><p><a href=\"https:\/\/cc-sud.eu\/wp-content\/uploads\/import\/textes-references\/politique-commune-de-la-peche\/CELEX-02013R1380-20150601-PT.pdf\" target=\"_blank\" rel=\"noopener\">Descarregar o PDF<\/a><\/p><\/div>\n\t\t\t\t<\/div>\n\t\t\t\t\t\t\t\t\t\t<script type=\"application\/ld+json\">{\"@context\":\"https:\\\/\\\/schema.org\",\"@type\":\"FAQPage\",\"mainEntity\":[{\"@type\":\"Question\",\"name\":\"Plano rejei\\u00e7\\u00f5es 2024-2027\",\"acceptedAnswer\":{\"@type\":\"Answer\",\"text\":\"<p><a href=\\\"https:\\\/\\\/cc-sud.eu\\\/wp-content\\\/uploads\\\/2024\\\/07\\\/OD_PT_TXT.pdf\\\" target=\\\"_blank\\\" rel=\\\"noopener\\\">Descarregar o PDF<\\\/a><\\\/p>\"}},{\"@type\":\"Question\",\"name\":\"Regulamento controlo\",\"acceptedAnswer\":{\"@type\":\"Answer\",\"text\":\"<p><a href=\\\"https:\\\/\\\/cc-sud.eu\\\/wp-content\\\/uploads\\\/2024\\\/07\\\/Controlo_PT_TXT.pdf\\\" target=\\\"_blank\\\" rel=\\\"noopener\\\">Descarregar o PDF<\\\/a><\\\/p>\"}},{\"@type\":\"Question\",\"name\":\"O Regulamento relativo \\u00e0s medidas t\\u00e9cnicas\",\"acceptedAnswer\":{\"@type\":\"Answer\",\"text\":\"<p><a href=\\\"https:\\\/\\\/cc-sud.eu\\\/wp-content\\\/uploads\\\/2024\\\/07\\\/Mesures-tech_PT_TXT.pdf\\\" target=\\\"_blank\\\" rel=\\\"noopener\\\">Descarregar o PDF<\\\/a><\\\/p>\"}},{\"@type\":\"Question\",\"name\":\"Regulamento sobre o FEAMP\",\"acceptedAnswer\":{\"@type\":\"Answer\",\"text\":\"<p><a href=\\\"https:\\\/\\\/cc-sud.eu\\\/wp-content\\\/uploads\\\/2024\\\/07\\\/FEAMPA_PT_TXT.pdf\\\" target=\\\"_blank\\\" rel=\\\"noopener\\\">Descarregar o PDF<\\\/a><\\\/p>\"}},{\"@type\":\"Question\",\"name\":\"Acto delegado sobre o funcionamento dos CC\",\"acceptedAnswer\":{\"@type\":\"Answer\",\"text\":\"<p><a href=\\\"https:\\\/\\\/cc-sud.eu\\\/wp-content\\\/uploads\\\/2024\\\/07\\\/acte-delegue_PT_TXT.pdf\\\" target=\\\"_blank\\\" rel=\\\"noopener\\\">Descarregar o PDF<\\\/a><\\\/p>\"}},{\"@type\":\"Question\",\"name\":\"Politica pesqueira comun\",\"acceptedAnswer\":{\"@type\":\"Answer\",\"text\":\"<p><a href=\\\"https:\\\/\\\/cc-sud.eu\\\/wp-content\\\/uploads\\\/import\\\/textes-references\\\/politique-commune-de-la-peche\\\/CELEX-02013R1380-20150601-PT.pdf\\\" target=\\\"_blank\\\" rel=\\\"noopener\\\">Descarregar o PDF<\\\/a><\\\/p>\"}}]}<\/script>\n\t\t\t\t\t<\/div>\n\t\t\t\t\t\t<\/div>\n\t\t\t\t<\/div>\n\t\t\t\t\t<\/div>\n\t\t\t\t<\/div>\n\t\t\t\t<\/div>\n\t\t","protected":false},"excerpt":{"rendered":"<p>O CC SUL POE A SUA DISPOSI\u00c7\u00c3O OS PRINCIPAIS REGULAMENTOS&hellip;<\/p>\n","protected":false},"author":2,"featured_media":0,"parent":0,"menu_order":0,"comment_status":"closed","ping_status":"closed","template":"","meta":{"_acf_changed":false,"footnotes":""},"class_list":["post-20133","page","type-page","status-publish","hentry"],"acf":[],"yoast_head":"<!-- This site is optimized with the Yoast SEO plugin v27.1 - https:\/\/yoast.com\/product\/yoast-seo-wordpress\/ -->\n<title>Regulamentos de refer\u00eancia - CC Sud<\/title>\n<meta name=\"robots\" content=\"index, follow, max-snippet:-1, max-image-preview:large, max-video-preview:-1\" \/>\n<link rel=\"canonical\" href=\"https:\/\/cc-sud.eu\/pt\/regulamentos-de-referencia\/\" \/>\n<meta property=\"og:locale\" content=\"pt_PT\" \/>\n<meta property=\"og:type\" content=\"article\" \/>\n<meta property=\"og:title\" content=\"Regulamentos de refer\u00eancia - CC Sud\" \/>\n<meta property=\"og:description\" content=\"O CC SUL POE A SUA DISPOSI\u00c7\u00c3O OS PRINCIPAIS REGULAMENTOS&hellip;\" \/>\n<meta property=\"og:url\" content=\"https:\/\/cc-sud.eu\/pt\/regulamentos-de-referencia\/\" \/>\n<meta property=\"og:site_name\" content=\"CC Sud\" \/>\n<meta property=\"article:modified_time\" content=\"2024-07-10T10:25:06+00:00\" \/>\n<meta name=\"twitter:card\" content=\"summary_large_image\" \/>\n<meta name=\"twitter:label1\" content=\"Tempo estimado de leitura\" \/>\n\t<meta name=\"twitter:data1\" content=\"1 minuto\" \/>\n<script type=\"application\/ld+json\" class=\"yoast-schema-graph\">{\"@context\":\"https:\/\/schema.org\",\"@graph\":[{\"@type\":\"WebPage\",\"@id\":\"https:\/\/cc-sud.eu\/pt\/regulamentos-de-referencia\/\",\"url\":\"https:\/\/cc-sud.eu\/pt\/regulamentos-de-referencia\/\",\"name\":\"Regulamentos de refer\u00eancia - CC Sud\",\"isPartOf\":{\"@id\":\"https:\/\/cc-sud.eu\/pt\/#website\"},\"datePublished\":\"2024-05-21T09:46:55+00:00\",\"dateModified\":\"2024-07-10T10:25:06+00:00\",\"breadcrumb\":{\"@id\":\"https:\/\/cc-sud.eu\/pt\/regulamentos-de-referencia\/#breadcrumb\"},\"inLanguage\":\"pt-PT\",\"potentialAction\":[{\"@type\":\"ReadAction\",\"target\":[\"https:\/\/cc-sud.eu\/pt\/regulamentos-de-referencia\/\"]}]},{\"@type\":\"BreadcrumbList\",\"@id\":\"https:\/\/cc-sud.eu\/pt\/regulamentos-de-referencia\/#breadcrumb\",\"itemListElement\":[{\"@type\":\"ListItem\",\"position\":1,\"name\":\"CC Sud\",\"item\":\"https:\/\/cc-sud.eu\/pt\/\"},{\"@type\":\"ListItem\",\"position\":2,\"name\":\"Regulamentos de refer\u00eancia\"}]},{\"@type\":\"WebSite\",\"@id\":\"https:\/\/cc-sud.eu\/pt\/#website\",\"url\":\"https:\/\/cc-sud.eu\/pt\/\",\"name\":\"CC Sud\",\"description\":\"\",\"publisher\":{\"@id\":\"https:\/\/cc-sud.eu\/pt\/#organization\"},\"potentialAction\":[{\"@type\":\"SearchAction\",\"target\":{\"@type\":\"EntryPoint\",\"urlTemplate\":\"https:\/\/cc-sud.eu\/pt\/?s={search_term_string}\"},\"query-input\":{\"@type\":\"PropertyValueSpecification\",\"valueRequired\":true,\"valueName\":\"search_term_string\"}}],\"inLanguage\":\"pt-PT\"},{\"@type\":\"Organization\",\"@id\":\"https:\/\/cc-sud.eu\/pt\/#organization\",\"name\":\"CC Sud\",\"url\":\"https:\/\/cc-sud.eu\/pt\/\",\"logo\":{\"@type\":\"ImageObject\",\"inLanguage\":\"pt-PT\",\"@id\":\"https:\/\/cc-sud.eu\/pt\/#\/schema\/logo\/image\/\",\"url\":\"https:\/\/cc-sud.eu\/wp-content\/uploads\/2024\/02\/logo.svg\",\"contentUrl\":\"https:\/\/cc-sud.eu\/wp-content\/uploads\/2024\/02\/logo.svg\",\"width\":198,\"height\":60,\"caption\":\"CC Sud\"},\"image\":{\"@id\":\"https:\/\/cc-sud.eu\/pt\/#\/schema\/logo\/image\/\"}}]}<\/script>\n<!-- \/ Yoast SEO plugin. -->","yoast_head_json":{"title":"Regulamentos de refer\u00eancia - CC Sud","robots":{"index":"index","follow":"follow","max-snippet":"max-snippet:-1","max-image-preview":"max-image-preview:large","max-video-preview":"max-video-preview:-1"},"canonical":"https:\/\/cc-sud.eu\/pt\/regulamentos-de-referencia\/","og_locale":"pt_PT","og_type":"article","og_title":"Regulamentos de refer\u00eancia - CC Sud","og_description":"O CC SUL POE A SUA DISPOSI\u00c7\u00c3O OS PRINCIPAIS REGULAMENTOS&hellip;","og_url":"https:\/\/cc-sud.eu\/pt\/regulamentos-de-referencia\/","og_site_name":"CC Sud","article_modified_time":"2024-07-10T10:25:06+00:00","twitter_card":"summary_large_image","twitter_misc":{"Tempo estimado de leitura":"1 minuto"},"schema":{"@context":"https:\/\/schema.org","@graph":[{"@type":"WebPage","@id":"https:\/\/cc-sud.eu\/pt\/regulamentos-de-referencia\/","url":"https:\/\/cc-sud.eu\/pt\/regulamentos-de-referencia\/","name":"Regulamentos de refer\u00eancia - CC Sud","isPartOf":{"@id":"https:\/\/cc-sud.eu\/pt\/#website"},"datePublished":"2024-05-21T09:46:55+00:00","dateModified":"2024-07-10T10:25:06+00:00","breadcrumb":{"@id":"https:\/\/cc-sud.eu\/pt\/regulamentos-de-referencia\/#breadcrumb"},"inLanguage":"pt-PT","potentialAction":[{"@type":"ReadAction","target":["https:\/\/cc-sud.eu\/pt\/regulamentos-de-referencia\/"]}]},{"@type":"BreadcrumbList","@id":"https:\/\/cc-sud.eu\/pt\/regulamentos-de-referencia\/#breadcrumb","itemListElement":[{"@type":"ListItem","position":1,"name":"CC Sud","item":"https:\/\/cc-sud.eu\/pt\/"},{"@type":"ListItem","position":2,"name":"Regulamentos de refer\u00eancia"}]},{"@type":"WebSite","@id":"https:\/\/cc-sud.eu\/pt\/#website","url":"https:\/\/cc-sud.eu\/pt\/","name":"CC Sud","description":"","publisher":{"@id":"https:\/\/cc-sud.eu\/pt\/#organization"},"potentialAction":[{"@type":"SearchAction","target":{"@type":"EntryPoint","urlTemplate":"https:\/\/cc-sud.eu\/pt\/?s={search_term_string}"},"query-input":{"@type":"PropertyValueSpecification","valueRequired":true,"valueName":"search_term_string"}}],"inLanguage":"pt-PT"},{"@type":"Organization","@id":"https:\/\/cc-sud.eu\/pt\/#organization","name":"CC Sud","url":"https:\/\/cc-sud.eu\/pt\/","logo":{"@type":"ImageObject","inLanguage":"pt-PT","@id":"https:\/\/cc-sud.eu\/pt\/#\/schema\/logo\/image\/","url":"https:\/\/cc-sud.eu\/wp-content\/uploads\/2024\/02\/logo.svg","contentUrl":"https:\/\/cc-sud.eu\/wp-content\/uploads\/2024\/02\/logo.svg","width":198,"height":60,"caption":"CC Sud"},"image":{"@id":"https:\/\/cc-sud.eu\/pt\/#\/schema\/logo\/image\/"}}]}},"_links":{"self":[{"href":"https:\/\/cc-sud.eu\/pt\/wp-json\/wp\/v2\/pages\/20133","targetHints":{"allow":["GET"]}}],"collection":[{"href":"https:\/\/cc-sud.eu\/pt\/wp-json\/wp\/v2\/pages"}],"about":[{"href":"https:\/\/cc-sud.eu\/pt\/wp-json\/wp\/v2\/types\/page"}],"author":[{"embeddable":true,"href":"https:\/\/cc-sud.eu\/pt\/wp-json\/wp\/v2\/users\/2"}],"replies":[{"embeddable":true,"href":"https:\/\/cc-sud.eu\/pt\/wp-json\/wp\/v2\/comments?post=20133"}],"version-history":[{"count":24,"href":"https:\/\/cc-sud.eu\/pt\/wp-json\/wp\/v2\/pages\/20133\/revisions"}],"predecessor-version":[{"id":72439,"href":"https:\/\/cc-sud.eu\/pt\/wp-json\/wp\/v2\/pages\/20133\/revisions\/72439"}],"wp:attachment":[{"href":"https:\/\/cc-sud.eu\/pt\/wp-json\/wp\/v2\/media?parent=20133"}],"curies":[{"name":"wp","href":"https:\/\/api.w.org\/{rel}","templated":true}]}}