{"id":20141,"date":"2024-02-01T15:34:36","date_gmt":"2024-02-01T14:34:36","guid":{"rendered":"https:\/\/cc-sud.eu\/quem-somos\/"},"modified":"2024-07-02T16:26:32","modified_gmt":"2024-07-02T14:26:32","slug":"quem-somos","status":"publish","type":"page","link":"https:\/\/cc-sud.eu\/pt\/quem-somos\/","title":{"rendered":"Quem somos"},"content":{"rendered":"\t\t<div data-elementor-type=\"wp-page\" data-elementor-id=\"20141\" class=\"elementor elementor-20141 elementor-10\" data-elementor-post-type=\"page\">\n\t\t\t\t<div class=\"elementor-element elementor-element-4aa7ead e-flex e-con-boxed e-con e-parent\" data-id=\"4aa7ead\" data-element_type=\"container\" data-e-type=\"container\">\n\t\t\t\t\t<div class=\"e-con-inner\">\n\t\t\t\t<div class=\"elementor-element elementor-element-685a05f elementor-widget elementor-widget-heading\" data-id=\"685a05f\" data-element_type=\"widget\" data-e-type=\"widget\" data-widget_type=\"heading.default\">\n\t\t\t\t<div class=\"elementor-widget-container\">\n\t\t\t\t\t<h2 class=\"elementor-heading-title elementor-size-default\">O Conselho Consultivo para as \u00e1guas ocidentais austrais (CCS, s para Sul e ex CCR Sul)<\/h2>\t\t\t\t<\/div>\n\t\t\t\t<\/div>\n\t\t\t\t<div class=\"elementor-element elementor-element-1875344 elementor-widget elementor-widget-text-editor\" data-id=\"1875344\" data-element_type=\"widget\" data-e-type=\"widget\" data-widget_type=\"text-editor.default\">\n\t\t\t\t<div class=\"elementor-widget-container\">\n\t\t\t\t\t\t\t\t\t<p>O cc sul inclui todos os actores que tem um interesse na gestao da pesca, para propor \u00e0 comiss\u00e3o europeia e aos estados membros, pareceres sobre a gest\u00e3o das pescas no atl\u00e2ntico sul. O cc sul \u00e9 um dos sete conselhos consultivos criados pelo conselho, com vista a incentivar a participa\u00e7\u00e3o das partes envolvidas, para se alcan\u00e7arem os objectivos de pesca sustent\u00e1vel estabelecidos pela vontade das institui\u00e7oes auropeias.<\/p>\n\t\t\t\t\t\t\t\t<\/div>\n\t\t\t\t<\/div>\n\t\t\t\t\t<\/div>\n\t\t\t\t<\/div>\n\t\t<div class=\"elementor-element elementor-element-1a56c8e e-flex e-con-boxed e-con e-parent\" data-id=\"1a56c8e\" data-element_type=\"container\" data-e-type=\"container\" data-settings=\"{&quot;background_background&quot;:&quot;classic&quot;}\">\n\t\t\t\t\t<div class=\"e-con-inner\">\n\t\t<div class=\"elementor-element elementor-element-d4824a1 e-con-full e-flex e-con e-child\" data-id=\"d4824a1\" data-element_type=\"container\" data-e-type=\"container\">\n\t\t\t\t<div class=\"elementor-element elementor-element-a828c68 elementor-widget elementor-widget-text-editor\" data-id=\"a828c68\" data-element_type=\"widget\" data-e-type=\"widget\" data-widget_type=\"text-editor.default\">\n\t\t\t\t<div class=\"elementor-widget-container\">\n\t\t\t\t\t\t\t\t\t<p>Criado em Abril de 2007 nos termos da decis\u00e3o do Conselho de 19 de Julho de 2004, que instituiu os Conselhos Consultivos Regionais (CCR). A cria\u00e7\u00e3o dos CCRs \u00e9 um dos pilares da reforma da Pol\u00edtica Comum da Pesca iniciada em 2002. Os CCRs t\u00eam como objectivo permitir uma maior participa\u00e7\u00e3o dos intervenientes do sector da pesca na gest\u00e3o dos recursos marinhos das \u00e1guas europeias.<\/p>\n\t\t\t\t\t\t\t\t<\/div>\n\t\t\t\t<\/div>\n\t\t\t\t<\/div>\n\t\t<div class=\"elementor-element elementor-element-2c7c4ec e-con-full e-flex e-con e-child\" data-id=\"2c7c4ec\" data-element_type=\"container\" data-e-type=\"container\" data-settings=\"{&quot;background_background&quot;:&quot;classic&quot;}\">\n\t\t\t\t<div class=\"elementor-element elementor-element-ad74543 elementor-widget elementor-widget-heading\" data-id=\"ad74543\" data-element_type=\"widget\" data-e-type=\"widget\" data-widget_type=\"heading.default\">\n\t\t\t\t<div class=\"elementor-widget-container\">\n\t\t\t\t\t<h3 class=\"elementor-heading-title elementor-size-default\">Nossa Miss\u00e3o :<\/h3>\t\t\t\t<\/div>\n\t\t\t\t<\/div>\n\t\t\t\t<div class=\"elementor-element elementor-element-7ce544b elementor-widget elementor-widget-text-editor\" data-id=\"7ce544b\" data-element_type=\"widget\" data-e-type=\"widget\" data-widget_type=\"text-editor.default\">\n\t\t\t\t<div class=\"elementor-widget-container\">\n\t\t\t\t\t\t\t\t\t<ul>\n<li>Propor \u00e0 Comiss\u00e3o Europeia e aos Estados Membros pareceres resultantes de um consenso entre o Sector da Pesca e a Sociedade Civil.<\/li>\n<li>Responder \u00e0s diferentes consultas (comunica\u00e7\u00f5es, propostas de Regulamento, \u2026) efectuadas pela Comiss\u00e3o Europeia.<\/li>\n<\/ul>\n\t\t\t\t\t\t\t\t<\/div>\n\t\t\t\t<\/div>\n\t\t\t\t<\/div>\n\t\t\t\t\t<\/div>\n\t\t\t\t<\/div>\n\t\t<div class=\"elementor-element elementor-element-3c3df72 en-avant e-flex e-con-boxed e-con e-parent\" data-id=\"3c3df72\" data-element_type=\"container\" data-e-type=\"container\">\n\t\t\t\t\t<div class=\"e-con-inner\">\n\t\t<div class=\"elementor-element elementor-element-f1e1686 e-flex e-con-boxed e-con e-child\" data-id=\"f1e1686\" data-element_type=\"container\" data-e-type=\"container\" data-settings=\"{&quot;background_background&quot;:&quot;classic&quot;}\">\n\t\t\t\t\t<div class=\"e-con-inner\">\n\t\t\t\t<div class=\"elementor-element elementor-element-577e06e elementor-widget elementor-widget-text-editor\" data-id=\"577e06e\" data-element_type=\"widget\" data-e-type=\"widget\" data-widget_type=\"text-editor.default\">\n\t\t\t\t<div class=\"elementor-widget-container\">\n\t\t\t\t\t\t\t\t\t<p>O CC SUL cobre a zona atl\u00e2ntica que vai da ponta da Bretanha, a Norte, ao estreito de Gibraltar, a Sul, assim como as regi\u00f5es ultraperif\u00e9ricas da Madeira, dos A\u00e7ores e das Ilhas Can\u00e1rias (zonas CIEM VIII, IX e X e divis\u00f5es COPACE 34.1.1., 34.1.2, 34.2.0).<\/p>\n\t\t\t\t\t\t\t\t<\/div>\n\t\t\t\t<\/div>\n\t\t\t\t\t<\/div>\n\t\t\t\t<\/div>\n\t\t\t\t\t<\/div>\n\t\t\t\t<\/div>\n\t\t<div class=\"elementor-element elementor-element-df91a1d image_texte e-flex e-con-boxed e-con e-parent\" data-id=\"df91a1d\" data-element_type=\"container\" data-e-type=\"container\" data-settings=\"{&quot;background_background&quot;:&quot;classic&quot;}\">\n\t\t\t\t\t<div class=\"e-con-inner\">\n\t\t<div class=\"elementor-element elementor-element-1787934 e-con-full e-flex e-con e-child\" data-id=\"1787934\" data-element_type=\"container\" data-e-type=\"container\" data-settings=\"{&quot;background_background&quot;:&quot;classic&quot;}\">\n\t\t<div class=\"elementor-element elementor-element-559bded e-flex e-con-boxed e-con e-child\" data-id=\"559bded\" data-element_type=\"container\" data-e-type=\"container\" data-settings=\"{&quot;background_background&quot;:&quot;classic&quot;}\">\n\t\t\t\t\t<div class=\"e-con-inner\">\n\t\t\t\t<div class=\"elementor-element elementor-element-3bbf71b elementor-widget elementor-widget-heading\" data-id=\"3bbf71b\" data-element_type=\"widget\" data-e-type=\"widget\" data-widget_type=\"heading.default\">\n\t\t\t\t<div class=\"elementor-widget-container\">\n\t\t\t\t\t<h2 class=\"elementor-heading-title elementor-size-default\">Nossos representantes eleitos<\/h2>\t\t\t\t<\/div>\n\t\t\t\t<\/div>\n\t\t\t\t<div class=\"elementor-element elementor-element-f975769 elementor-widget elementor-widget-text-editor\" data-id=\"f975769\" data-element_type=\"widget\" data-e-type=\"widget\" data-widget_type=\"text-editor.default\">\n\t\t\t\t<div class=\"elementor-widget-container\">\n\t\t\t\t\t\t\t\t\t<ul>\n<li>Sergio Lopez<br \/><strong>(Presidente)<\/strong><\/li>\n<li>Humberto Jorge<br \/><strong>(Vice-Presidente &#8211; PT)<\/strong><\/li>\n<li>Serge Larzabal<br \/><strong>(Vice-Presidente &#8211; FR)<\/strong><\/li>\n<li>Raul Garcia<br \/><strong>(Vice-Presidente &#8211; OIG)<\/strong><\/li>\n<\/ul>\n\t\t\t\t\t\t\t\t<\/div>\n\t\t\t\t<\/div>\n\t\t\t\t\t<\/div>\n\t\t\t\t<\/div>\n\t\t<div class=\"elementor-element elementor-element-f3ea2c8 e-flex e-con-boxed e-con e-child\" data-id=\"f3ea2c8\" data-element_type=\"container\" data-e-type=\"container\" data-settings=\"{&quot;background_background&quot;:&quot;classic&quot;}\">\n\t\t\t\t\t<div class=\"e-con-inner\">\n\t\t\t\t<div class=\"elementor-element elementor-element-2c472f0 elementor-widget elementor-widget-heading\" data-id=\"2c472f0\" data-element_type=\"widget\" data-e-type=\"widget\" data-widget_type=\"heading.default\">\n\t\t\t\t<div class=\"elementor-widget-container\">\n\t\t\t\t\t<h2 class=\"elementor-heading-title elementor-size-default\">O secretariado<\/h2>\t\t\t\t<\/div>\n\t\t\t\t<\/div>\n\t\t\t\t<div class=\"elementor-element elementor-element-6e1c473 elementor-widget elementor-widget-text-editor\" data-id=\"6e1c473\" data-element_type=\"widget\" data-e-type=\"widget\" data-widget_type=\"text-editor.default\">\n\t\t\t\t<div class=\"elementor-widget-container\">\n\t\t\t\t\t\t\t\t\t<ul>\n<li>Chlo\u00e9 Pocheau<\/li>\n<li>Aur\u00e9lie Drillet<\/li>\n<\/ul>\t\t\t\t\t\t\t\t<\/div>\n\t\t\t\t<\/div>\n\t\t\t\t\t<\/div>\n\t\t\t\t<\/div>\n\t\t<div class=\"elementor-element elementor-element-1934b6d e-flex e-con-boxed e-con e-child\" data-id=\"1934b6d\" data-element_type=\"container\" data-e-type=\"container\" data-settings=\"{&quot;background_background&quot;:&quot;classic&quot;}\">\n\t\t\t\t\t<div class=\"e-con-inner\">\n\t\t\t\t<div class=\"elementor-element elementor-element-7074872 elementor-widget elementor-widget-heading\" data-id=\"7074872\" data-element_type=\"widget\" data-e-type=\"widget\" data-widget_type=\"heading.default\">\n\t\t\t\t<div class=\"elementor-widget-container\">\n\t\t\t\t\t<h2 class=\"elementor-heading-title elementor-size-default\">Nossos membros<\/h2>\t\t\t\t<\/div>\n\t\t\t\t<\/div>\n\t\t\t\t<div class=\"elementor-element elementor-element-03e54b3 elementor-widget elementor-widget-heading\" data-id=\"03e54b3\" data-element_type=\"widget\" data-e-type=\"widget\" data-widget_type=\"heading.default\">\n\t\t\t\t<div class=\"elementor-widget-container\">\n\t\t\t\t\t<h3 class=\"elementor-heading-title elementor-size-default\">O CC Sul \u00e9 constitu\u00eddo :<\/h3>\t\t\t\t<\/div>\n\t\t\t\t<\/div>\n\t\t\t\t<div class=\"elementor-element elementor-element-eb2aa46 elementor-widget elementor-widget-text-editor\" data-id=\"eb2aa46\" data-element_type=\"widget\" data-e-type=\"widget\" data-widget_type=\"text-editor.default\">\n\t\t\t\t<div class=\"elementor-widget-container\">\n\t\t\t\t\t\t\t\t\t<ul>\n<li>Em 60%, por representantes do sector da pesca (pescadores, armadores, organiza\u00e7\u00f5es de produtores, transformadores, grossistas de produtos da pesca e organiza\u00e7\u00f5es de mercado) de cinco Estados Membros (Portugal, Espanha, Fran\u00e7a, B\u00e9lgica e Pa\u00edses Baixos).<\/li>\n<li>e 40% por membros da sociedade civil (aquicultura, associa\u00e7\u00f5es de consumidores, de defesa do ambiente, mulheres de marinheiros, pesca n\u00e3o-profissional\u2026).<\/li>\n<\/ul>\n<p>O CC SUL deve possibilitar a concerta\u00e7\u00e3o e o consenso entre todos os membros numa extensa zona de pesca. Em paralelo, \u00e9 consultado, tendo de cumprir a sua fun\u00e7\u00e3o de interlocutor, na nova etapa do processo decis\u00f3rio da Pol\u00edtica Comum da Pesca e nova governa\u00e7\u00e3o do sector.<\/p>\n\t\t\t\t\t\t\t\t<\/div>\n\t\t\t\t<\/div>\n\t\t\t\t<div class=\"elementor-element elementor-element-4a2a6c0 elementor-blockquote--skin-clean elementor-blockquote--align-center elementor-widget elementor-widget-blockquote\" data-id=\"4a2a6c0\" data-element_type=\"widget\" data-e-type=\"widget\" data-widget_type=\"blockquote.default\">\n\t\t\t\t<div class=\"elementor-widget-container\">\n\t\t\t\t\t\t\t<blockquote class=\"elementor-blockquote\">\n\t\t\t<p class=\"elementor-blockquote__content\">\n\t\t\t\tO CC SUL privilegia a concerta\u00e7\u00e3o e o consenso de todos os interesses nele presentes.\t\t\t<\/p>\n\t\t\t\t\t<\/blockquote>\n\t\t\t\t\t\t<\/div>\n\t\t\t\t<\/div>\n\t\t\t\t<div class=\"elementor-element elementor-element-36b4cab elementor-widget elementor-widget-button\" data-id=\"36b4cab\" data-element_type=\"widget\" data-e-type=\"widget\" data-widget_type=\"button.default\">\n\t\t\t\t<div class=\"elementor-widget-container\">\n\t\t\t\t\t\t\t\t\t<div class=\"elementor-button-wrapper\">\n\t\t\t\t\t<a class=\"elementor-button elementor-button-link elementor-size-sm\" href=\"https:\/\/cc-sud.eu\/pt-pt\/diretorio\/\">\n\t\t\t\t\t\t<span class=\"elementor-button-content-wrapper\">\n\t\t\t\t\t\t\t\t\t<span class=\"elementor-button-text\">Ver o direct\u00f3rio dos membros<\/span>\n\t\t\t\t\t<\/span>\n\t\t\t\t\t<\/a>\n\t\t\t\t<\/div>\n\t\t\t\t\t\t\t\t<\/div>\n\t\t\t\t<\/div>\n\t\t\t\t\t<\/div>\n\t\t\t\t<\/div>\n\t\t\t\t<\/div>\n\t\t\t\t\t<\/div>\n\t\t\t\t<\/div>\n\t\t\t\t<\/div>\n\t\t","protected":false},"excerpt":{"rendered":"<p>O Conselho Consultivo para as \u00e1guas ocidentais austrais (CCS, s&hellip;<\/p>\n","protected":false},"author":1,"featured_media":0,"parent":0,"menu_order":0,"comment_status":"closed","ping_status":"closed","template":"","meta":{"_acf_changed":false,"footnotes":""},"class_list":["post-20141","page","type-page","status-publish","hentry"],"acf":[],"yoast_head":"<!-- This site is optimized with the Yoast SEO plugin v27.1 - https:\/\/yoast.com\/product\/yoast-seo-wordpress\/ -->\n<title>Quem somos - CC Sud<\/title>\n<meta name=\"robots\" content=\"index, follow, max-snippet:-1, max-image-preview:large, max-video-preview:-1\" \/>\n<link rel=\"canonical\" href=\"https:\/\/cc-sud.eu\/pt\/quem-somos\/\" \/>\n<meta property=\"og:locale\" content=\"pt_PT\" \/>\n<meta property=\"og:type\" content=\"article\" \/>\n<meta property=\"og:title\" content=\"Quem somos - CC Sud\" \/>\n<meta property=\"og:description\" content=\"O Conselho Consultivo para as \u00e1guas ocidentais austrais (CCS, s&hellip;\" \/>\n<meta property=\"og:url\" content=\"https:\/\/cc-sud.eu\/pt\/quem-somos\/\" \/>\n<meta property=\"og:site_name\" content=\"CC Sud\" \/>\n<meta property=\"article:modified_time\" content=\"2024-07-02T14:26:32+00:00\" \/>\n<meta name=\"twitter:card\" content=\"summary_large_image\" \/>\n<meta name=\"twitter:label1\" content=\"Tempo estimado de leitura\" \/>\n\t<meta name=\"twitter:data1\" content=\"3 minutos\" \/>\n<script type=\"application\/ld+json\" class=\"yoast-schema-graph\">{\"@context\":\"https:\/\/schema.org\",\"@graph\":[{\"@type\":\"WebPage\",\"@id\":\"https:\/\/cc-sud.eu\/pt\/quem-somos\/\",\"url\":\"https:\/\/cc-sud.eu\/pt\/quem-somos\/\",\"name\":\"Quem somos - CC Sud\",\"isPartOf\":{\"@id\":\"https:\/\/cc-sud.eu\/pt\/#website\"},\"datePublished\":\"2024-02-01T14:34:36+00:00\",\"dateModified\":\"2024-07-02T14:26:32+00:00\",\"breadcrumb\":{\"@id\":\"https:\/\/cc-sud.eu\/pt\/quem-somos\/#breadcrumb\"},\"inLanguage\":\"pt-PT\",\"potentialAction\":[{\"@type\":\"ReadAction\",\"target\":[\"https:\/\/cc-sud.eu\/pt\/quem-somos\/\"]}]},{\"@type\":\"BreadcrumbList\",\"@id\":\"https:\/\/cc-sud.eu\/pt\/quem-somos\/#breadcrumb\",\"itemListElement\":[{\"@type\":\"ListItem\",\"position\":1,\"name\":\"CC Sud\",\"item\":\"https:\/\/cc-sud.eu\/pt\/\"},{\"@type\":\"ListItem\",\"position\":2,\"name\":\"Quem somos\"}]},{\"@type\":\"WebSite\",\"@id\":\"https:\/\/cc-sud.eu\/pt\/#website\",\"url\":\"https:\/\/cc-sud.eu\/pt\/\",\"name\":\"CC Sud\",\"description\":\"\",\"publisher\":{\"@id\":\"https:\/\/cc-sud.eu\/pt\/#organization\"},\"potentialAction\":[{\"@type\":\"SearchAction\",\"target\":{\"@type\":\"EntryPoint\",\"urlTemplate\":\"https:\/\/cc-sud.eu\/pt\/?s={search_term_string}\"},\"query-input\":{\"@type\":\"PropertyValueSpecification\",\"valueRequired\":true,\"valueName\":\"search_term_string\"}}],\"inLanguage\":\"pt-PT\"},{\"@type\":\"Organization\",\"@id\":\"https:\/\/cc-sud.eu\/pt\/#organization\",\"name\":\"CC Sud\",\"url\":\"https:\/\/cc-sud.eu\/pt\/\",\"logo\":{\"@type\":\"ImageObject\",\"inLanguage\":\"pt-PT\",\"@id\":\"https:\/\/cc-sud.eu\/pt\/#\/schema\/logo\/image\/\",\"url\":\"https:\/\/cc-sud.eu\/wp-content\/uploads\/2024\/02\/logo.svg\",\"contentUrl\":\"https:\/\/cc-sud.eu\/wp-content\/uploads\/2024\/02\/logo.svg\",\"width\":198,\"height\":60,\"caption\":\"CC Sud\"},\"image\":{\"@id\":\"https:\/\/cc-sud.eu\/pt\/#\/schema\/logo\/image\/\"}}]}<\/script>\n<!-- \/ Yoast SEO plugin. -->","yoast_head_json":{"title":"Quem somos - CC Sud","robots":{"index":"index","follow":"follow","max-snippet":"max-snippet:-1","max-image-preview":"max-image-preview:large","max-video-preview":"max-video-preview:-1"},"canonical":"https:\/\/cc-sud.eu\/pt\/quem-somos\/","og_locale":"pt_PT","og_type":"article","og_title":"Quem somos - CC Sud","og_description":"O Conselho Consultivo para as \u00e1guas ocidentais austrais (CCS, s&hellip;","og_url":"https:\/\/cc-sud.eu\/pt\/quem-somos\/","og_site_name":"CC Sud","article_modified_time":"2024-07-02T14:26:32+00:00","twitter_card":"summary_large_image","twitter_misc":{"Tempo estimado de leitura":"3 minutos"},"schema":{"@context":"https:\/\/schema.org","@graph":[{"@type":"WebPage","@id":"https:\/\/cc-sud.eu\/pt\/quem-somos\/","url":"https:\/\/cc-sud.eu\/pt\/quem-somos\/","name":"Quem somos - CC Sud","isPartOf":{"@id":"https:\/\/cc-sud.eu\/pt\/#website"},"datePublished":"2024-02-01T14:34:36+00:00","dateModified":"2024-07-02T14:26:32+00:00","breadcrumb":{"@id":"https:\/\/cc-sud.eu\/pt\/quem-somos\/#breadcrumb"},"inLanguage":"pt-PT","potentialAction":[{"@type":"ReadAction","target":["https:\/\/cc-sud.eu\/pt\/quem-somos\/"]}]},{"@type":"BreadcrumbList","@id":"https:\/\/cc-sud.eu\/pt\/quem-somos\/#breadcrumb","itemListElement":[{"@type":"ListItem","position":1,"name":"CC Sud","item":"https:\/\/cc-sud.eu\/pt\/"},{"@type":"ListItem","position":2,"name":"Quem somos"}]},{"@type":"WebSite","@id":"https:\/\/cc-sud.eu\/pt\/#website","url":"https:\/\/cc-sud.eu\/pt\/","name":"CC Sud","description":"","publisher":{"@id":"https:\/\/cc-sud.eu\/pt\/#organization"},"potentialAction":[{"@type":"SearchAction","target":{"@type":"EntryPoint","urlTemplate":"https:\/\/cc-sud.eu\/pt\/?s={search_term_string}"},"query-input":{"@type":"PropertyValueSpecification","valueRequired":true,"valueName":"search_term_string"}}],"inLanguage":"pt-PT"},{"@type":"Organization","@id":"https:\/\/cc-sud.eu\/pt\/#organization","name":"CC Sud","url":"https:\/\/cc-sud.eu\/pt\/","logo":{"@type":"ImageObject","inLanguage":"pt-PT","@id":"https:\/\/cc-sud.eu\/pt\/#\/schema\/logo\/image\/","url":"https:\/\/cc-sud.eu\/wp-content\/uploads\/2024\/02\/logo.svg","contentUrl":"https:\/\/cc-sud.eu\/wp-content\/uploads\/2024\/02\/logo.svg","width":198,"height":60,"caption":"CC Sud"},"image":{"@id":"https:\/\/cc-sud.eu\/pt\/#\/schema\/logo\/image\/"}}]}},"_links":{"self":[{"href":"https:\/\/cc-sud.eu\/pt\/wp-json\/wp\/v2\/pages\/20141","targetHints":{"allow":["GET"]}}],"collection":[{"href":"https:\/\/cc-sud.eu\/pt\/wp-json\/wp\/v2\/pages"}],"about":[{"href":"https:\/\/cc-sud.eu\/pt\/wp-json\/wp\/v2\/types\/page"}],"author":[{"embeddable":true,"href":"https:\/\/cc-sud.eu\/pt\/wp-json\/wp\/v2\/users\/1"}],"replies":[{"embeddable":true,"href":"https:\/\/cc-sud.eu\/pt\/wp-json\/wp\/v2\/comments?post=20141"}],"version-history":[{"count":7,"href":"https:\/\/cc-sud.eu\/pt\/wp-json\/wp\/v2\/pages\/20141\/revisions"}],"predecessor-version":[{"id":20829,"href":"https:\/\/cc-sud.eu\/pt\/wp-json\/wp\/v2\/pages\/20141\/revisions\/20829"}],"wp:attachment":[{"href":"https:\/\/cc-sud.eu\/pt\/wp-json\/wp\/v2\/media?parent=20141"}],"curies":[{"name":"wp","href":"https:\/\/api.w.org\/{rel}","templated":true}]}}